{"id":5940,"date":"2023-06-08T12:46:13","date_gmt":"2023-06-08T10:46:13","guid":{"rendered":"https:\/\/iiccracovia.esteri.it\/?page_id=5940"},"modified":"2026-03-11T16:59:33","modified_gmt":"2026-03-11T14:59:33","slug":"stypendia-rzadu-wloskiego-dla-studentow-zagranicznych-i-wloskich-mieszkajacych-za-granica-ire","status":"publish","type":"page","link":"https:\/\/iiccracovia.esteri.it\/pl\/notizie\/stypendia-rzadu-wloskiego-dla-studentow-zagranicznych-i-wloskich-mieszkajacych-za-granica-ire\/","title":{"rendered":"2026 &#8211; STYPENDIA RZ\u0104DU W\u0141OSKIEGO DLA STUDENT\u00d3W ZAGRANICZNYCH I W\u0141OSKICH MIESZKAJ\u0104CYCH ZA GRANIC\u0104 (IRE)"},"content":{"rendered":"<p>Ministerstwo Spraw Zagranicznych i Wsp\u00f3\u0142pracy Mi\u0119dzynarodowej (MAECI) opublikowa\u0142o zaproszenie do sk\u0142adania wniosk\u00f3w o przyznanie\u00a0<strong>stypendi\u00f3w dla student\u00f3w zagranicznych mieszkaj\u0105cych za granic\u0105 i dla W\u0142och\u00f3w mieszkaj\u0105cych\u00a0 za granic\u0105 (IRE)\u00a0<\/strong>na\u00a0<strong>rok akademicki 2026-2027<\/strong>. Celem stypendi\u00f3w jest wspieranie wsp\u00f3\u0142pracy w dziedzinie kultury, nauki i technologii, propagowanie w\u0142oskiego systemu gospodarczego na ca\u0142ym \u015bwiecie oraz rozpowszechnianie wiedzy o j\u0119zyku i kulturze w\u0142oskiej.<\/p>\n<p>Zaproszenie do sk\u0142adania wniosk\u00f3w, kt\u00f3re znajduje si\u0119 w za\u0142\u0105czniku, oraz lista\u00a0<strong>kraj\u00f3w\/terytori\u00f3w beneficjent\u00f3w<\/strong>\u00a0s\u0105 dost\u0119pne na nast\u0119puj\u0105cej stronie:\u00a0<a href=\"https:\/\/studyinitaly.esteri.it\/ListaBandi\">https:\/\/studyinitaly.esteri.it\/ListaBandi<\/a><\/p>\n<p><a href=\"https:\/\/studyinitaly.esteri.it\/ListaBandi\/ScaricaFileBando?ID=DAAAAPf286aIr7WfZARv%2bhAAAADG%2fQareLlxihbK6N%2fI3JJLbmIpdiu8O6pT9Czj4qEqKgKvMv19yVqJeuFrh3TtRmfBKUN1\">Og\u0142oszenie w j\u0119zyku w\u0142oskim.<\/a><\/p>\n<p><a href=\"https:\/\/studyinitaly.esteri.it\/ListaBandi\/ScaricaFileBando?ID=DAAAAIhjd9ezqssKTPobOBAAAAAOHrQHXI93xVj9NpmJU3LdbjsdNFtSpOg%2bVnfXVcO6Nb3n1rvDhG334MbRDW6YdycX3ZGC\">Og\u0142oszenie w j\u0119zyku angielskim.<\/a><\/p>\n<p>Wnioskodawcy mog\u0105 sk\u0142ada\u0107 wnioski wy\u0142\u0105cznie za po\u015brednictwem portalu Study in Italy\u00a0<a href=\"https:\/\/studyinitaly.esteri.it\/\">Portale \u201cStudy in Italy\u201d<\/a><\/p>\n<p><strong>Wnioski online<\/strong> musz\u0105 wp\u0142yn\u0105\u0107 nie p\u00f3\u017aniej ni\u017c do dnia <strong>26 marca 2025 r. do godziny\u00a0 14.00 (czasu w\u0142oskiego).<\/strong><\/p>\n<p>Wi\u0119cej informacji mo\u017cna znale\u017a\u0107 na stronie\u00a0<a href=\"https:\/\/www.esteri.it\/it\/opportunita\/borse-di-studio\/per-cittadini-stranieri\/borsestudio_stranieri\/\">esteri.it<\/a><\/p>\n","protected":false},"excerpt":{"rendered":"Ministerstwo Spraw Zagranicznych i Wsp\u00f3\u0142pracy Mi\u0119dzynarodowej (MAECI) opublikowa\u0142o zaproszenie do sk\u0142adania wniosk\u00f3w o przyznanie\u00a0stypendi\u00f3w dla student\u00f3w zagranicznych mieszkaj\u0105cych za granic\u0105 i dla W\u0142och\u00f3w mieszkaj\u0105cych\u00a0 za granic\u0105 (IRE)\u00a0na\u00a0rok akademicki 2026-2027. Celem stypendi\u00f3w jest wspieranie wsp\u00f3\u0142pracy w dziedzinie kultury, nauki i technologii, propagowanie w\u0142oskiego systemu gospodarczego na ca\u0142ym \u015bwiecie oraz rozpowszechnianie wiedzy o j\u0119zyku i kulturze w\u0142oskiej. [&hellip;]","protected":false},"author":3,"featured_media":8720,"parent":305,"menu_order":0,"comment_status":"closed","ping_status":"closed","template":"","meta":{"footnotes":""},"class_list":["post-5940","page","type-page","status-publish","has-post-thumbnail","hentry"],"_links":{"self":[{"href":"https:\/\/iiccracovia.esteri.it\/pl\/wp-json\/wp\/v2\/pages\/5940","targetHints":{"allow":["GET"]}}],"collection":[{"href":"https:\/\/iiccracovia.esteri.it\/pl\/wp-json\/wp\/v2\/pages"}],"about":[{"href":"https:\/\/iiccracovia.esteri.it\/pl\/wp-json\/wp\/v2\/types\/page"}],"author":[{"embeddable":true,"href":"https:\/\/iiccracovia.esteri.it\/pl\/wp-json\/wp\/v2\/users\/3"}],"replies":[{"embeddable":true,"href":"https:\/\/iiccracovia.esteri.it\/pl\/wp-json\/wp\/v2\/comments?post=5940"}],"version-history":[{"count":3,"href":"https:\/\/iiccracovia.esteri.it\/pl\/wp-json\/wp\/v2\/pages\/5940\/revisions"}],"predecessor-version":[{"id":8732,"href":"https:\/\/iiccracovia.esteri.it\/pl\/wp-json\/wp\/v2\/pages\/5940\/revisions\/8732"}],"up":[{"embeddable":true,"href":"https:\/\/iiccracovia.esteri.it\/pl\/wp-json\/wp\/v2\/pages\/305"}],"wp:featuredmedia":[{"embeddable":true,"href":"https:\/\/iiccracovia.esteri.it\/pl\/wp-json\/wp\/v2\/media\/8720"}],"wp:attachment":[{"href":"https:\/\/iiccracovia.esteri.it\/pl\/wp-json\/wp\/v2\/media?parent=5940"}],"curies":[{"name":"wp","href":"https:\/\/api.w.org\/{rel}","templated":true}]}}