{"id":302,"date":"2023-04-03T20:56:11","date_gmt":"2023-04-03T18:56:11","guid":{"rendered":"https:\/\/iiccracovia.esteri.it\/lingua-e-cultura\/certificazioni\/"},"modified":"2026-04-24T13:43:36","modified_gmt":"2026-04-24T11:43:36","slug":"certificazioni","status":"publish","type":"page","link":"https:\/\/iiccracovia.esteri.it\/pl\/lingua-e-cultura\/certificazioni\/","title":{"rendered":"Certyfikaty"},"content":{"rendered":"<p>W\u0142oski Instytut Kultury w Krakowie od 2025 b\u0119dzie przeprowadza\u0142 egzamin CILS organizowane przez Uniwersytet dla Obcokrajowc\u00f3w w Sienie (Universit\u00e0 per Stranieri di Siena). Sesje odbywa\u0107 si\u0119 b\u0119d\u0105 dwa razy w roku: w czerwcu i w grudniu.<\/p>\n<p>Aby przyst\u0105pi\u0107 do egzaminu nie jest wymagany \u017caden szczeg\u00f3lny tytu\u0142 studi\u00f3w.<\/p>\n<p>Obecnie W\u0142oski Instytut Kultury przeprowadza egzaminy <strong>CILS\u00a0<\/strong>organizowane przez Universit\u00e0 per Stranieri di Siena na poziomach <strong>B2, C1 i C2.<\/strong><\/p>\n<p><span class=\"titoloRosso\"><strong>NAJBLI\u017bSZE SESJE EGZAMINACYJNE CILS<\/strong><br \/>\n<\/span><\/p>\n<p class=\"x_MsoNormal\"><b>\u00a0Egzamin CILS | Sesja 16 czerwca 2026<\/b><\/p>\n<p class=\"x_MsoNormal\"><strong>\u26a0\ufe0f <\/strong>Informujemy, \u017ce limit miejsc na egzaminy w sesji czerwcowej <strong>ZOSTA\u0141 WYCZERPANY<\/strong>.<\/p>\n<p>Osoby, kt\u00f3rym nie uda\u0142o si\u0119 dokona\u0107 zapisu, zapraszamy na kolejn\u0105 sesj\u0119 egzaminacyjn\u0105 3 GRUDNIA 2026 roku.<\/p>\n<p>O rozpocz\u0119ciu zapis\u00f3w b\u0119dziemy informowa\u0107, ale przewidujemy, \u017ce zostan\u0105 otwarte na pocz\u0105tku pa\u017adziernika.<\/p>\n<hr \/>\n<p>Odbi\u00f3r certyfikat\u00f3w:<\/p>\n<p><strong>Informacje<\/strong>:\u00a0 <a href=\"mailto:corsi.iic.coordinazione@gmail.com\">corsi.iic.coordinazione@gmail.com<\/a><\/p>\n<hr \/>\n<hr \/>\n<p><span class=\"titoloCategoria\"><br \/>\n<strong>Certificazione dell\u2019italiano come lingua straniera<\/strong><\/span><\/p>\n<p>&nbsp;<\/p>\n<p>I Certificati di Italiano sono\u00a0titoli che dichiarano il grado di competenza comunicativa in italiano come lingua straniera. I destinatari sono tutti i cittadini stranieri, i cittadini italiani residenti all\u2019estero (discendenti di emigrati italiani) e gli immigrati stranieri in Italia.<\/p>\n<p>Per sostenere le prove non \u00e8 necessario possedere titoli di studio particolari.<\/p>\n<p>Per la somministrazione delle prove all\u2019estero tramite gli Istituti Italiani di Cultura, il Ministero degli Affari Esteri ha stipulato convenzioni con le seguenti Istituzioni:<\/p>\n<p><a class=\"titoloNotizia\" href=\"https:\/\/www.unistrapg.it\/it\/certificati-di-conoscenza-della-lingua-italiana\/celi-certificati-di-lingua-italiana\" target=\"_blank\" rel=\"noopener\">Universit\u00e0 per Stranieri di Perugia<\/a>(CELI \u2013 CIC)<\/p>\n<p><a href=\"https:\/\/cils.unistrasi.it\/79\/Il_sistema_di_Certificazione_CILS.htm\" target=\"_blank\" rel=\"noopener\"><span class=\"titoloNotizia\">Universit\u00e0 per Stranieri di Siena<\/span><\/a>\u00a0(CILS)<\/p>\n<p><a title=\"Universita' Roma Tre\" href=\"http:\/\/host.uniroma3.it\/dipartimenti\/linguistica\/homepage.html\" target=\"_blank\" rel=\"noopener\"><span class=\"titoloNotizia\">Universit\u00e0 degli Studi Roma Tre<\/span>\u00a0<\/a>(IT &#8211; ele.IT)<\/p>\n<p><a class=\"titoloNotizia\" href=\"https:\/\/plida.dante.global\/it\/esami-plida\" target=\"_blank\" rel=\"noopener\">Societ\u00e0 Dante Alighieri<\/a>(PLIDA)<\/p>\n<p class=\"titoloNotizia\"><span class=\"titoloCategoria\"><em>Corrispondenza delle certificazioni con il Quadro Comune Europeo di Riferimento<\/em><\/span><\/p>\n<table class=\"tableRed table\" border=\"0\" cellspacing=\"0\" cellpadding=\"0\">\n<tbody>\n<tr>\n<th class=\"titolorosso\" width=\"100\"><\/th>\n<th class=\"titolorosso\" width=\"100\">Universit\u00e0 per Stranieri di Perugia<\/th>\n<td class=\"titolorosso\" width=\"100\">Universit\u00e0 per Stranieri di<br \/>\nSiena<\/td>\n<td class=\"titolorosso\" width=\"100\">Universit\u00e0 degli Studi di Roma Tre<\/td>\n<td class=\"titolorosso\" width=\"100\">Dante Alighieri<\/td>\n<\/tr>\n<tr>\n<td class=\"tableRed\" width=\"100\"><span class=\"titoloRosso\">LIVELLO C2<br \/>\nPadronanza<\/span><\/td>\n<td class=\"tableRed\" width=\"100\">CELI 5<\/td>\n<td class=\"tableRed\" width=\"100\">CILS Quattro-C2<\/td>\n<td class=\"tableRed\" width=\"100\">IT<\/td>\n<td class=\"tableRed\" width=\"100\">PLIDA C2<\/td>\n<\/tr>\n<tr>\n<td class=\"tableRed\" width=\"100\"><span class=\"titoloRosso\">LIVELLO C1<br \/>\nEfficacia<\/span><\/td>\n<td class=\"tableRed\" width=\"100\">\n<table class=\"table\" border=\"0\" cellspacing=\"0\" cellpadding=\"0\">\n<tbody>\n<tr>\n<td class=\"tableGray\" width=\"20%\">CELI4<\/td>\n<td class=\"tableGray\" width=\"20%\"><\/td>\n<td class=\"tableGray\" width=\"20%\"><\/td>\n<\/tr>\n<\/tbody>\n<\/table>\n<\/td>\n<td class=\"tableRed\" width=\"100\">CILS Tre-C1<\/td>\n<td class=\"tableRed\" width=\"100\">&#8212;&#8212;<\/td>\n<td class=\"tableRed\" width=\"100\">PLIDA C1<\/td>\n<\/tr>\n<tr>\n<td class=\"tableRed\" width=\"100\"><span class=\"titoloRosso\">LIVELLO B2<br \/>\n<\/span><span class=\"titoloRosso\">Progresso<br \/>\n<\/span><\/td>\n<td class=\"tableRed\" width=\"100\">CELI3<\/td>\n<td class=\"tableRed\" width=\"100\">CILS Due B2<\/td>\n<td class=\"tableRed\" width=\"100\">&#8212;&#8212;<\/td>\n<td class=\"tableRed\" width=\"100\">PLIDA\u00a0B2<\/td>\n<\/tr>\n<tr>\n<td class=\"tableRed\" width=\"100\"><span class=\"titoloRosso\">LIVELLO B1<br \/>\nSoglia<\/span><\/td>\n<td class=\"tableRed\" width=\"100\">CELI2<\/td>\n<td class=\"tableRed\" width=\"100\">CILS Uno B1<\/td>\n<td class=\"tableRed\" width=\"100\">ele.IT<\/td>\n<td class=\"tableRed\" width=\"100\">PLIDA B1<\/td>\n<\/tr>\n<tr>\n<td class=\"tableRed\" width=\"100\"><span class=\"titoloRosso\">LIVELLO A2<br \/>\nSopravvivenza<\/span><\/td>\n<td class=\"tableRed\" width=\"100\">CELI1<\/td>\n<td class=\"tableRed\" width=\"100\">CILS A2<\/td>\n<td class=\"tableRed\" width=\"100\">&#8212;&#8212;<\/td>\n<td class=\"tableRed\" width=\"100\">PLIDA\u00a0A2<\/td>\n<\/tr>\n<tr>\n<td class=\"tableRed\" width=\"100\"><span class=\"titoloRosso\">LIVELLO A1<br \/>\nContatto<\/span><\/td>\n<td class=\"tableRed\" width=\"100\">CELI1<\/td>\n<td class=\"tableRed\" width=\"100\">CILS A1<\/td>\n<td class=\"tableRed\" width=\"100\">&#8212;&#8212;<\/td>\n<td class=\"tableRed\" width=\"100\">PLIDA A1<\/td>\n<\/tr>\n<\/tbody>\n<\/table>\n","protected":false},"excerpt":{"rendered":"W\u0142oski Instytut Kultury w Krakowie od 2025 b\u0119dzie przeprowadza\u0142 egzamin CILS organizowane przez Uniwersytet dla Obcokrajowc\u00f3w w Sienie (Universit\u00e0 per Stranieri di Siena). Sesje odbywa\u0107 si\u0119 b\u0119d\u0105 dwa razy w roku: w czerwcu i w grudniu. Aby przyst\u0105pi\u0107 do egzaminu nie jest wymagany \u017caden szczeg\u00f3lny tytu\u0142 studi\u00f3w. Obecnie W\u0142oski Instytut Kultury przeprowadza egzaminy CILS\u00a0organizowane przez [&hellip;]","protected":false},"author":1,"featured_media":0,"parent":300,"menu_order":4,"comment_status":"closed","ping_status":"closed","template":"","meta":{"footnotes":""},"class_list":["post-302","page","type-page","status-publish","hentry"],"_links":{"self":[{"href":"https:\/\/iiccracovia.esteri.it\/pl\/wp-json\/wp\/v2\/pages\/302","targetHints":{"allow":["GET"]}}],"collection":[{"href":"https:\/\/iiccracovia.esteri.it\/pl\/wp-json\/wp\/v2\/pages"}],"about":[{"href":"https:\/\/iiccracovia.esteri.it\/pl\/wp-json\/wp\/v2\/types\/page"}],"author":[{"embeddable":true,"href":"https:\/\/iiccracovia.esteri.it\/pl\/wp-json\/wp\/v2\/users\/1"}],"replies":[{"embeddable":true,"href":"https:\/\/iiccracovia.esteri.it\/pl\/wp-json\/wp\/v2\/comments?post=302"}],"version-history":[{"count":7,"href":"https:\/\/iiccracovia.esteri.it\/pl\/wp-json\/wp\/v2\/pages\/302\/revisions"}],"predecessor-version":[{"id":9355,"href":"https:\/\/iiccracovia.esteri.it\/pl\/wp-json\/wp\/v2\/pages\/302\/revisions\/9355"}],"up":[{"embeddable":true,"href":"https:\/\/iiccracovia.esteri.it\/pl\/wp-json\/wp\/v2\/pages\/300"}],"wp:attachment":[{"href":"https:\/\/iiccracovia.esteri.it\/pl\/wp-json\/wp\/v2\/media?parent=302"}],"curies":[{"name":"wp","href":"https:\/\/api.w.org\/{rel}","templated":true}]}}