{"id":297,"date":"2023-04-03T20:54:50","date_gmt":"2023-04-03T18:54:50","guid":{"rendered":"https:\/\/iiccracovia.esteri.it\/chi-siamo\/il-personale\/"},"modified":"2025-05-20T17:21:50","modified_gmt":"2025-05-20T15:21:50","slug":"il-personale","status":"publish","type":"page","link":"https:\/\/iiccracovia.esteri.it\/pl\/chi-siamo\/il-personale\/","title":{"rendered":"Personel"},"content":{"rendered":"<p><strong>Dyrektor<br \/>\nMatteo Ogliari<br \/>\n<\/strong>e-mail: matteo.ogliari@esteri.it<br \/>\ntel. +48.12. 421 89 46 int. 104<br \/>\nbezp: +48.12.429 11 17<\/p>\n<p>&nbsp;<\/p>\n<p><strong>Administracja i ksi\u0119gowo\u015b\u0107<br \/>\n<\/strong><span class=\"titoloCategoria\"><strong>Magdalena Orze\u0142<\/strong><br \/>\n<\/span>e-mail: magda.orzel@esteri.it<br \/>\ntel. +48.12. 421 89 46 int. 111<\/p>\n<p>&nbsp;<\/p>\n<p><strong>Sekretariat<\/strong><br \/>\n<strong>Joanna Karolak<\/strong><br \/>\ne-mail: iiccracovia@esteri.it<br \/>\ntel. +48.12. 421 89 46 int. 110<\/p>\n<p>&nbsp;<\/p>\n<p><strong>Koordynacja kurs\u00f3w j\u0119zykowych i Biblioteka<\/strong><br \/>\n<strong>Agnieszka Zarazka<\/strong><br \/>\ne-mail: agnieszka.zarazka@esteri.it<br \/>\ntel. +48.12. 421 89 46 int. 103<\/p>\n<p>&nbsp;<\/p>\n<p><strong>Grafika, wystawy i obs\u0142uga techniczna<br \/>\n<\/strong><span class=\"titoloCategoria\"><strong>Oktawian Steliga<\/strong><br \/>\n<\/span>e-mail: oktawian.steliga@esteri.it<br \/>\ntel. +48.12. 421 89 46 int. 113<\/p>\n<p>&nbsp;<\/p>\n<p><strong>Biblioteka<\/strong><span class=\"titoloCategoria\"><br \/>\n<\/span>e-mail: corsi.iic.coordinazione@gmail.com<br \/>\ntel. +48.12. 421 89 46 int. 114<\/p>\n<p>&nbsp;<\/p>\n<p><strong><span class=\"titoloRosso\">Egzaminy i certyfikaty CELI<\/span><\/strong><br \/>\ne-mail: corsi.iic.coordinazione@gmail.com<br \/>\ntel. +48.12. 421 89 46 int. 114<\/p>\n<p>&nbsp;<\/p>\n<p><span class=\"titoloRosso\"><strong>Stypendia<\/strong><br \/>\n<\/span>e-mail: corsi.iic.coordinazione@gmail.com<br \/>\ntel. +48.12. 421 89 46 int. 114<\/p>\n<p>&nbsp;<\/p>\n<p><strong>Sekretariat kurs\u00f3w<br \/>\n<\/strong>e-mail: corsi.iicc.coordinazione@gmail.com<\/p>\n<p>tel. +48.12. 421 89 46 int. 114<\/p>\n<p>&nbsp;<\/p>\n<p><strong><span class=\"titoloRosso\">Portiernia<\/span><\/strong><br \/>\ntel. +48.12. 421 89 46 int. 112<\/p>\n","protected":false},"excerpt":{"rendered":"Dyrektor Matteo Ogliari e-mail: matteo.ogliari@esteri.it tel. +48.12. 421 89 46 int. 104 bezp: +48.12.429 11 17 &nbsp; Administracja i ksi\u0119gowo\u015b\u0107 Magdalena Orze\u0142 e-mail: magda.orzel@esteri.it tel. +48.12. 421 89 46 int. 111 &nbsp; Sekretariat Joanna Karolak e-mail: iiccracovia@esteri.it tel. +48.12. 421 89 46 int. 110 &nbsp; Koordynacja kurs\u00f3w j\u0119zykowych i Biblioteka Agnieszka Zarazka e-mail: agnieszka.zarazka@esteri.it tel. [&hellip;]","protected":false},"author":1,"featured_media":0,"parent":296,"menu_order":0,"comment_status":"closed","ping_status":"closed","template":"","meta":{"footnotes":""},"class_list":["post-297","page","type-page","status-publish","hentry"],"_links":{"self":[{"href":"https:\/\/iiccracovia.esteri.it\/pl\/wp-json\/wp\/v2\/pages\/297","targetHints":{"allow":["GET"]}}],"collection":[{"href":"https:\/\/iiccracovia.esteri.it\/pl\/wp-json\/wp\/v2\/pages"}],"about":[{"href":"https:\/\/iiccracovia.esteri.it\/pl\/wp-json\/wp\/v2\/types\/page"}],"author":[{"embeddable":true,"href":"https:\/\/iiccracovia.esteri.it\/pl\/wp-json\/wp\/v2\/users\/1"}],"replies":[{"embeddable":true,"href":"https:\/\/iiccracovia.esteri.it\/pl\/wp-json\/wp\/v2\/comments?post=297"}],"version-history":[{"count":4,"href":"https:\/\/iiccracovia.esteri.it\/pl\/wp-json\/wp\/v2\/pages\/297\/revisions"}],"predecessor-version":[{"id":6070,"href":"https:\/\/iiccracovia.esteri.it\/pl\/wp-json\/wp\/v2\/pages\/297\/revisions\/6070"}],"up":[{"embeddable":true,"href":"https:\/\/iiccracovia.esteri.it\/pl\/wp-json\/wp\/v2\/pages\/296"}],"wp:attachment":[{"href":"https:\/\/iiccracovia.esteri.it\/pl\/wp-json\/wp\/v2\/media?parent=297"}],"curies":[{"name":"wp","href":"https:\/\/api.w.org\/{rel}","templated":true}]}}