{"id":296,"date":"2023-04-03T20:29:59","date_gmt":"2023-04-03T18:29:59","guid":{"rendered":"https:\/\/iiccracovia.esteri.it\/chi-siamo\/"},"modified":"2023-05-23T10:36:14","modified_gmt":"2023-05-23T08:36:14","slug":"chi-siamo","status":"publish","type":"page","link":"https:\/\/iiccracovia.esteri.it\/pl\/chi-siamo\/","title":{"rendered":"O nas"},"content":{"rendered":"<p><strong class=\"titoloRosso\">L&#8217;Istituto Italiano di Cultura di Cracovia <\/strong>\u00e8 un ufficio del Ministero degli Affari Esteri e della Cooperazione Internazionale della Repubblica Italiana. La nostra <strong>missione<\/strong> \u00e8 promuovere e diffondere la lingua e la cultura italiane in Polonia attraverso l&#8217;organizzazione di corsi di lingua e di eventi culturali per favorire la circolazione delle idee, delle arti e delle scienze. La nostra <strong>visione<\/strong> \u00e8 quella di promuovere in sinergia il meglio delle tradizioni e delle innovazioni italiane, incentivando l&#8217;immagine di un Paese nel quale cultura, tradizione e innovazione si fondono per offrire al mondo soluzioni alle grandi sfide del nostro tempo.<\/p>\n<p><strong><span class=\"titoloRosso\">Servizi<\/span><\/strong><\/p>\n<p>L&#8217;Istituto Italiano di Cultura di Cracovia offre al pubblico polacco i seguenti servizi:<br \/>\n\u00b7 corsi di lingua, cultura civilt\u00e0 italiani tenuti da docenti qualificati, madrelingua e non;<br \/>\n\u00b7 due sessioni annuali di esami CELI per ottenere il diploma di conoscenza della lingua italiana come lingua straniera;<br \/>\n\u00b7 una Biblioteca italiana a disposizione degli utenti per la consultazione e il prestito di libri, cd, dvd, riviste e giornali italiani, comprese alcune ultime novit\u00e0;<br \/>\n\u00b7 servizio di informazione e documentazione sull\u2019Italia nel campo culturale, a disposizione di studenti, studiosi e amatori;<br \/>\n\u00b7 un ricco ventaglio di iniziative culturali in tutti gli ambiti &#8211; dalla musica alla moda, dal design al cinema, dalla letteratura alle arti &#8211; organizzate nell\u2019arco dell\u2019anno.<\/p>\n<p><span class=\"titoloRosso\"><strong>Collaborazioni<\/strong><\/span><\/p>\n<p>Per le manifestazioni concertistiche, per alcune mostre d&#8217;arte e per gli eventi di maggior respiro, l&#8217;Istituto si avvale della collaborazione:<br \/>\n\u00b7 di istituzioni artistiche e museali locali quali il Museo Nazionale di Cracovia, il Museo di Cracovia, il Museo Archeologico e il Museo Arcidiocesano, il Centro di Cultura Ebraico di Kazimiersz, Capella Cracoviensis, il Teatro Slowacki e l&#8217;Accademia delle Arti Teatrali;<br \/>\n\u00b7 delle principali istituzioni culturali della citt\u00e0 di Cracovia e del Sud della Polonia, quali KBF &#8211; Krakowskie Biuro Festiwalowe, l&#8217;Universit\u00e0 Jagellonica, l&#8217;Universit\u00e0 Pedagogica, il Museo di Auschwitz, il Centro Culturale Internazionale di Cracovia, la Pontificia Accademia di Teologia, l\u2019Istituto Pastorale Giovanni Paolo II, Villa Decius.<\/p>\n<p>Tra i principali Festival cui l&#8217;Istituto \u00e8 partecipa regolarmente si annoverano, tra i molti, il Festival Musica nella vecchia Cracovia, il Festival \u201dMisteria Paschalia\u201d, il Festival Internazionale \u201cMusica Obliata e riscoperta\u201d, il Festival \u201cMusica delle nostre radici\u201d di Jaroslaw e le celebrazioni annuali in memoria di Francesco Nullo a Boleslaw.<\/p>\n<p>L\u2019Istituto realizza in Polonia numerose attivit\u00e0 in collaborazione con vari enti locali (comuni, province e regioni) italiani e collabora con le istituzioni culturali di altri paesi dell\u2019Unione europea e non, operanti a Cracovia, compreso il cluster EUNIC.<\/p>\n<p><img loading=\"lazy\" decoding=\"async\" class=\"alignnone size-medium wp-image-187 img-fluid\" src=\"https:\/\/iiccracovia.esteri.it\/wp-content\/uploads\/2023\/05\/chi-siamo-1-225x300.jpeg\" alt=\"\" width=\"225\" height=\"300\" srcset=\"https:\/\/iiccracovia.esteri.it\/wp-content\/uploads\/2023\/05\/chi-siamo-1-225x300.jpeg 225w, https:\/\/iiccracovia.esteri.it\/wp-content\/uploads\/2023\/05\/chi-siamo-1-768x1024.jpeg 768w, https:\/\/iiccracovia.esteri.it\/wp-content\/uploads\/2023\/05\/chi-siamo-1-scaled.jpeg 1920w\" sizes=\"auto, (max-width: 225px) 100vw, 225px\" \/><\/p>\n<p><strong>La Rete degli Istituti Italiani di Cultura nel mondo<\/strong><\/p>\n<p>La <a href=\"https:\/\/italiana.esteri.it\/italiana\/chi-siamo\/lista-sedi\/\">Rete estera<\/a> del MAECI comprende Ambasciate, Consolati, Consolati Onorari, Scuole statali, Agenzie ICE e <a href=\"https:\/\/italiana.esteri.it\/italiana\/chi-siamo\/mappa\/?cat=iic\">Istituti Italiani di Cultura<\/a>. Una grande rete, di portata globale, al servizio del nostro Paese, dell&#8217;immagine dell&#8217;Italia nel mondo e dei tanti connazionali che viaggiano o risiedono all&#8217;estero.<\/p>\n<p>www.iicaddisabeba.esteri.it<br \/>\nwww.iicalgeri.esteri.it<br \/>\nwww.iicamburgo.esteri.it<br \/>\nwww.iicamsterdam.esteri.it<br \/>\nwww.iicankara.esteri.it<br \/>\nwww.iicatene.esteri.it<br \/>\nwww.iicbarcellona.esteri.it<br \/>\nwww.iicbeirut.esteri.it<br \/>\nwww.iicbelgrado.esteri.it<br \/>\nwww.iicberlino.esteri.it<br \/>\nwww.iicbogota.esteri.it<br \/>\nwww.iicbratislava.esteri.it<br \/>\nwww.iicbruxelles.esteri.it<br \/>\nwww.iicbucarest.esteri.it<br \/>\nwww.iicbudapest.esteri.it<br \/>\nwww.iicbuenosaires.esteri.it<br \/>\nwww.iiccairo.esteri.it<br \/>\nwww.iiccaracas.esteri.it<br \/>\nwww.iicchicago.esteri.it<br \/>\nwww.iiccolonia.esteri.it<br \/>\nwww.iiccopenaghen.esteri.it<br \/>\nwww.iiccordoba.esteri.it<br \/>\nwww.iiccracovia.esteri.it<br \/>\nwww.iicdamasco.esteri.it<br \/>\nwww.iicdublino.esteri.it<br \/>\nwww.iicedimburgo.esteri.it<br \/>\nwww.iicfrancoforte.esteri.it<br \/>\nwww.iicgrenoble.esteri.it<br \/>\nwww.iicguatemala.esteri.it<br \/>\nwww.iichaifa.esteri.it<br \/>\nwww.iichelsinki.esteri.it<br \/>\nwww.iicinnsbruck.esteri.it<br \/>\nwww.iicistanbul.esteri.it<br \/>\nwww.iicjakarta.esteri.it<br \/>\nwww.iickiev.esteri.it<br \/>\nwww.iickyoto.esteri.it<br \/>\nwww.iiclima.esteri.it<br \/>\nwww.iiclione.esteri.it<br \/>\nwww.iiclisbona.esteri.it<br \/>\nwww.iiclondra.esteri.it<br \/>\nwww.iiclosangeles.esteri.it<br \/>\nwww.iiclubiana.esteri.it<br \/>\nwww.iiclussemburgo.esteri.it<br \/>\nwww.iicmadrid.esteri.it<br \/>\nwww.iicmarsiglia.esteri.it<br \/>\nwww.iicmelbourne.esteri.it<br \/>\nwww.iicmessico.esteri.it<br \/>\nwww.iicmonaco.esteri.it<br \/>\nwww.iicmontevideo.esteri.it<br \/>\nwww.iicmontreal.esteri.it<br \/>\nwww.iicmosca.esteri.it<br \/>\nwww.iicnairobi.esteri.it<br \/>\nwww.iicnewdelhi.esteri.it<br \/>\nwww.iicnewyork.esteri.it<br \/>\nwww.iicoslo.esteri.it<br \/>\nwww.iicparigi.esteri.it<br \/>\nwww.iicpechino.esteri.it<br \/>\nwww.iicpraga.esteri.it<br \/>\nwww.iicpretoria.esteri.it<br \/>\nwww.iicrabat.esteri.it<br \/>\nwww.iicrio.esteri.it<br \/>\nwww.iicsalonicco.esteri.it<br \/>\nwww.iicsanfrancisco.esteri.it<br \/>\nwww.iicsanpaolo.esteri.it<br \/>\nwww.iicsanpietroburgo.esteri.it<br \/>\nwww.iicsantiago.esteri.it<br \/>\nwww.iicseoul.esteri.it<br \/>\nwww.iicshanghai.esteri.it<br \/>\nwww.iicsingapore.esteri.it<br \/>\nwww.iicsofia.esteri.it<br \/>\nwww.iicstoccarda.esteri.it<br \/>\nwww.iicstoccolma.esteri.it<br \/>\nwww.iicstrasburgo.esteri.it<br \/>\nwww.iicsydney.esteri.it<br \/>\nwww.iictelaviv.esteri.it<br \/>\nwww.iictirana.esteri.it<br \/>\nwww.iictokyo.esteri.it<br \/>\nwww.iictoronto.esteri.it<br \/>\nwww.iictripoli.esteri.it<br \/>\nwww.iictunisi.esteri.it<br \/>\nwww.iicvalletta.esteri.it<br \/>\nwww.iicvancouver.esteri.it<br \/>\nwww.iicvarsavia.esteri.it<br \/>\nwww.iicvienna.esteri.it<br \/>\nwww.iicvilnius.esteri.it<br \/>\nwww.iicwashington.esteri.it<br \/>\nwww.iicwolfsburg.esteri.it<br \/>\nwww.iiczagabria.esteri.it<br \/>\nwww.iiczurigo.esteri.it<\/p>\n","protected":false},"excerpt":{"rendered":"L&#8217;Istituto Italiano di Cultura di Cracovia \u00e8 un ufficio del Ministero degli Affari Esteri e della Cooperazione Internazionale della Repubblica Italiana. La nostra missione \u00e8 promuovere e diffondere la lingua e la cultura italiane in Polonia attraverso l&#8217;organizzazione di corsi di lingua e di eventi culturali per favorire la circolazione delle idee, delle arti e [&hellip;]","protected":false},"author":1,"featured_media":0,"parent":0,"menu_order":2,"comment_status":"closed","ping_status":"closed","template":"","meta":{"footnotes":""},"class_list":["post-296","page","type-page","status-publish","hentry"],"_links":{"self":[{"href":"https:\/\/iiccracovia.esteri.it\/pl\/wp-json\/wp\/v2\/pages\/296","targetHints":{"allow":["GET"]}}],"collection":[{"href":"https:\/\/iiccracovia.esteri.it\/pl\/wp-json\/wp\/v2\/pages"}],"about":[{"href":"https:\/\/iiccracovia.esteri.it\/pl\/wp-json\/wp\/v2\/types\/page"}],"author":[{"embeddable":true,"href":"https:\/\/iiccracovia.esteri.it\/pl\/wp-json\/wp\/v2\/users\/1"}],"replies":[{"embeddable":true,"href":"https:\/\/iiccracovia.esteri.it\/pl\/wp-json\/wp\/v2\/comments?post=296"}],"version-history":[{"count":1,"href":"https:\/\/iiccracovia.esteri.it\/pl\/wp-json\/wp\/v2\/pages\/296\/revisions"}],"predecessor-version":[{"id":309,"href":"https:\/\/iiccracovia.esteri.it\/pl\/wp-json\/wp\/v2\/pages\/296\/revisions\/309"}],"wp:attachment":[{"href":"https:\/\/iiccracovia.esteri.it\/pl\/wp-json\/wp\/v2\/media?parent=296"}],"curies":[{"name":"wp","href":"https:\/\/api.w.org\/{rel}","templated":true}]}}