{"id":247,"date":"2023-04-03T20:56:47","date_gmt":"2023-04-03T18:56:47","guid":{"rendered":"https:\/\/iiccracovia.esteri.it\/?page_id=247"},"modified":"2025-10-07T12:36:55","modified_gmt":"2025-10-07T10:36:55","slug":"biblioteka","status":"publish","type":"page","link":"https:\/\/iiccracovia.esteri.it\/pl\/lingua-e-cultura\/biblioteka\/","title":{"rendered":"Biblioteka"},"content":{"rendered":"<p><span class=\"titoloDestra\">BIBLIOTEKA W\u0141OSKIEGO INSTYTUTU KULTURY W KRAKOWIE<\/span><\/p>\n<p>ul. Grodzka 49<\/p>\n<p>corsi.iic.coordinazione@gmail.com <span class=\"titoloRosso\">\u00a0\u00a0\u00a0\u00a0\u00a0\u00a0\u00a0\u00a0\u00a0\u00a0\u00a0\u00a0\u00a0\u00a0\u00a0\u00a0\u00a0\u00a0\u00a0\u00a0\u00a0\u00a0\u00a0\u00a0\u00a0\u00a0\u00a0\u00a0\u00a0\u00a0\u00a0\u00a0\u00a0\u00a0\u00a0\u00a0\u00a0\u00a0\u00a0\u00a0\u00a0\u00a0\u00a0\u00a0\u00a0\u00a0\u00a0\u00a0\u00a0\u00a0\u00a0\u00a0\u00a0\u00a0\u00a0\u00a0\u00a0\u00a0\u00a0\u00a0\u00a0\u00a0\u00a0\u00a0\u00a0\u00a0\u00a0\u00a0\u00a0\u00a0\u00a0\u00a0\u00a0\u00a0<\/span>\u00a0<a title=\"Katalog on-line\" href=\"http:\/\/www.bibliowin.it\/iic\/iccr\/homepage.htm\" target=\"_blank\" rel=\"noopener\"><strong><span class=\"titoloRosso\">Katalog on-line<\/span><\/strong><\/a><\/p>\n<p><strong>\u00a0<\/strong><\/p>\n<hr \/>\n<p>Biblioteka Instytutu posiada ponad 8.000 tytu\u0142\u00f3w dotycz\u0105cych r\u00f3\u017cnych aspekt\u00f3w kultury w\u0142oskiej.<\/p>\n<p>Zapraszamy do konsultacji katalogu online.<\/p>\n<hr \/>\n<p>&nbsp;<\/p>\n<hr \/>\n<p><img loading=\"lazy\" decoding=\"async\" class=\"alignnone size-medium wp-image-7278 img-fluid\" src=\"https:\/\/iiccracovia.esteri.it\/wp-content\/uploads\/2025\/10\/PXL_20251007_1030505702-min-226x300.jpg\" alt=\"\" width=\"226\" height=\"300\" srcset=\"https:\/\/iiccracovia.esteri.it\/wp-content\/uploads\/2025\/10\/PXL_20251007_1030505702-min-226x300.jpg 226w, https:\/\/iiccracovia.esteri.it\/wp-content\/uploads\/2025\/10\/PXL_20251007_1030505702-min-771x1024.jpg 771w, https:\/\/iiccracovia.esteri.it\/wp-content\/uploads\/2025\/10\/PXL_20251007_1030505702-min-768x1020.jpg 768w, https:\/\/iiccracovia.esteri.it\/wp-content\/uploads\/2025\/10\/PXL_20251007_1030505702-min.jpg 1920w\" sizes=\"auto, (max-width: 226px) 100vw, 226px\" \/><\/p>\n<p><span class=\"titoloCategoria\"><span class=\"titoloRosso\"><strong>GODZINY OTWARCIA BIBLIOTEKI W 2025 ROKU (Rozk\u0142ad jesienny):<\/strong><\/span><\/span><\/p>\n<table class=\"titoloNotizia table\" border=\"1\" summary=\"\" frame=\"box\" rules=\"all\" cellspacing=\"2\" cellpadding=\"2\">\n<thead><\/thead>\n<tbody>\n<tr>\n<td>\u00a0<span class=\"titoloPagina\">Dzie\u0144\u00a0\u00a0\u00a0\u00a0\u00a0\u00a0\u00a0\u00a0\u00a0\u00a0\u00a0\u00a0\u00a0\u00a0\u00a0\u00a0\u00a0\u00a0\u00a0\u00a0\u00a0\u00a0\u00a0\u00a0\u00a0\u00a0\u00a0<\/span><\/td>\n<td>\u00a0\u00a0<span class=\"titoloPagina\">Godziny\u00a0\u00a0\u00a0\u00a0\u00a0\u00a0\u00a0\u00a0\u00a0\u00a0\u00a0\u00a0\u00a0\u00a0\u00a0\u00a0\u00a0\u00a0<\/span><\/td>\n<\/tr>\n<tr>\n<td><strong>\u00a0Poniedzia\u0142ek<\/strong><\/td>\n<td><strong>10.00 &#8211; 16.00<\/strong><\/td>\n<\/tr>\n<tr>\n<td><strong>\u00a0Wtorek<\/strong><\/td>\n<td><strong>10.00 &#8211; 16.00<\/strong><\/td>\n<\/tr>\n<tr>\n<td><strong>\u00a0\u015aroda<\/strong><\/td>\n<td><strong>\u00a015.00 &#8211; 21.00<\/strong><\/td>\n<\/tr>\n<tr>\n<td><strong>\u00a0Czwartek<\/strong><\/td>\n<td><strong> 10.00 &#8211; 16.00<\/strong><\/td>\n<\/tr>\n<tr>\n<td><strong>\u00a0Pi\u0105tek<\/strong><\/td>\n<td><strong>10.00 &#8211; 15.00<\/strong><\/td>\n<\/tr>\n<tr>\n<td><strong>\u00a0Sobota<\/strong><\/td>\n<td><strong>nieczynne<\/strong><\/td>\n<\/tr>\n<tr>\n<td><strong>\u00a0Niedziela<\/strong><\/td>\n<td><strong>nieczynne<\/strong><\/td>\n<\/tr>\n<\/tbody>\n<\/table>\n","protected":false},"excerpt":{"rendered":"BIBLIOTEKA W\u0141OSKIEGO INSTYTUTU KULTURY W KRAKOWIE ul. Grodzka 49 corsi.iic.coordinazione@gmail.com \u00a0\u00a0\u00a0\u00a0\u00a0\u00a0\u00a0\u00a0\u00a0\u00a0\u00a0\u00a0\u00a0\u00a0\u00a0\u00a0\u00a0\u00a0\u00a0\u00a0\u00a0\u00a0\u00a0\u00a0\u00a0\u00a0\u00a0\u00a0\u00a0\u00a0\u00a0\u00a0\u00a0\u00a0\u00a0\u00a0\u00a0\u00a0\u00a0\u00a0\u00a0\u00a0\u00a0\u00a0\u00a0\u00a0\u00a0\u00a0\u00a0\u00a0\u00a0\u00a0\u00a0\u00a0\u00a0\u00a0\u00a0\u00a0\u00a0\u00a0\u00a0\u00a0\u00a0\u00a0\u00a0\u00a0\u00a0\u00a0\u00a0\u00a0\u00a0\u00a0\u00a0\u00a0\u00a0Katalog on-line \u00a0 Biblioteka Instytutu posiada ponad 8.000 tytu\u0142\u00f3w dotycz\u0105cych r\u00f3\u017cnych aspekt\u00f3w kultury w\u0142oskiej. Zapraszamy do konsultacji katalogu online. &nbsp; GODZINY OTWARCIA BIBLIOTEKI W 2025 ROKU (Rozk\u0142ad jesienny): \u00a0Dzie\u0144\u00a0\u00a0\u00a0\u00a0\u00a0\u00a0\u00a0\u00a0\u00a0\u00a0\u00a0\u00a0\u00a0\u00a0\u00a0\u00a0\u00a0\u00a0\u00a0\u00a0\u00a0\u00a0\u00a0\u00a0\u00a0\u00a0\u00a0 \u00a0\u00a0Godziny\u00a0\u00a0\u00a0\u00a0\u00a0\u00a0\u00a0\u00a0\u00a0\u00a0\u00a0\u00a0\u00a0\u00a0\u00a0\u00a0\u00a0\u00a0 \u00a0Poniedzia\u0142ek 10.00 &#8211; 16.00 \u00a0Wtorek 10.00 &#8211; 16.00 \u00a0\u015aroda \u00a015.00 &#8211; 21.00 \u00a0Czwartek 10.00 &#8211; [&hellip;]","protected":false},"author":5,"featured_media":0,"parent":300,"menu_order":10,"comment_status":"closed","ping_status":"closed","template":"","meta":{"footnotes":""},"class_list":["post-247","page","type-page","status-publish","hentry"],"_links":{"self":[{"href":"https:\/\/iiccracovia.esteri.it\/pl\/wp-json\/wp\/v2\/pages\/247","targetHints":{"allow":["GET"]}}],"collection":[{"href":"https:\/\/iiccracovia.esteri.it\/pl\/wp-json\/wp\/v2\/pages"}],"about":[{"href":"https:\/\/iiccracovia.esteri.it\/pl\/wp-json\/wp\/v2\/types\/page"}],"author":[{"embeddable":true,"href":"https:\/\/iiccracovia.esteri.it\/pl\/wp-json\/wp\/v2\/users\/5"}],"replies":[{"embeddable":true,"href":"https:\/\/iiccracovia.esteri.it\/pl\/wp-json\/wp\/v2\/comments?post=247"}],"version-history":[{"count":6,"href":"https:\/\/iiccracovia.esteri.it\/pl\/wp-json\/wp\/v2\/pages\/247\/revisions"}],"predecessor-version":[{"id":7284,"href":"https:\/\/iiccracovia.esteri.it\/pl\/wp-json\/wp\/v2\/pages\/247\/revisions\/7284"}],"up":[{"embeddable":true,"href":"https:\/\/iiccracovia.esteri.it\/pl\/wp-json\/wp\/v2\/pages\/300"}],"wp:attachment":[{"href":"https:\/\/iiccracovia.esteri.it\/pl\/wp-json\/wp\/v2\/media?parent=247"}],"curies":[{"name":"wp","href":"https:\/\/api.w.org\/{rel}","templated":true}]}}