{"id":236,"date":"2023-05-16T14:36:28","date_gmt":"2023-05-16T12:36:28","guid":{"rendered":"https:\/\/iiccracovia.esteri.it\/?page_id=236"},"modified":"2023-05-16T14:36:28","modified_gmt":"2023-05-16T12:36:28","slug":"autotest","status":"publish","type":"page","link":"https:\/\/iiccracovia.esteri.it\/pl\/autotest\/","title":{"rendered":"Autotest"},"content":{"rendered":"<p>Linki do test\u00f3w znajduj\u0105 si\u0119\u00a0<a href=\"https:\/\/docs.google.com\/document\/d\/1fVEOF1-0XFWpf-fs7Qfems27TWTW2gfmunfstCsKdHw\/edit\">tutaj\u00a0<\/a><\/p>\n","protected":false},"excerpt":{"rendered":"Linki do test\u00f3w znajduj\u0105 si\u0119\u00a0tutaj\u00a0","protected":false},"author":5,"featured_media":0,"parent":0,"menu_order":0,"comment_status":"closed","ping_status":"closed","template":"","meta":{"footnotes":""},"class_list":["post-236","page","type-page","status-publish","hentry"],"_links":{"self":[{"href":"https:\/\/iiccracovia.esteri.it\/pl\/wp-json\/wp\/v2\/pages\/236","targetHints":{"allow":["GET"]}}],"collection":[{"href":"https:\/\/iiccracovia.esteri.it\/pl\/wp-json\/wp\/v2\/pages"}],"about":[{"href":"https:\/\/iiccracovia.esteri.it\/pl\/wp-json\/wp\/v2\/types\/page"}],"author":[{"embeddable":true,"href":"https:\/\/iiccracovia.esteri.it\/pl\/wp-json\/wp\/v2\/users\/5"}],"replies":[{"embeddable":true,"href":"https:\/\/iiccracovia.esteri.it\/pl\/wp-json\/wp\/v2\/comments?post=236"}],"version-history":[{"count":1,"href":"https:\/\/iiccracovia.esteri.it\/pl\/wp-json\/wp\/v2\/pages\/236\/revisions"}],"predecessor-version":[{"id":237,"href":"https:\/\/iiccracovia.esteri.it\/pl\/wp-json\/wp\/v2\/pages\/236\/revisions\/237"}],"wp:attachment":[{"href":"https:\/\/iiccracovia.esteri.it\/pl\/wp-json\/wp\/v2\/media?parent=236"}],"curies":[{"name":"wp","href":"https:\/\/api.w.org\/{rel}","templated":true}]}}