{"id":2164,"date":"2023-11-30T21:19:24","date_gmt":"2023-11-30T19:19:24","guid":{"rendered":"https:\/\/iiccracovia.esteri.it\/lingua-e-cultura\/docenti-e-testi\/"},"modified":"2023-11-30T21:22:53","modified_gmt":"2023-11-30T19:22:53","slug":"docenti-e-testi","status":"publish","type":"page","link":"https:\/\/iiccracovia.esteri.it\/pl\/lingua-e-cultura\/docenti-e-testi\/","title":{"rendered":"Wyk\u0142adowcy i podr\u0119czniki"},"content":{"rendered":"<p><strong>Wyk\u0142adowcy \/ Docenti<\/strong><\/p>\n<p>Nasi lektorzy wsp\u00f3\u0142pracuj\u0105cy z W\u0142oskim Instytutem Kultury w Krakowie to dyplomowani wyk\u0142adowcy i absolwenci Italianistyki oraz W\u0142osi, dla kt\u00f3rych j\u0119zyk w\u0142oski jest j\u0119zykiem rodzimym i kt\u00f3rzy posiadaj\u0105 wieloletni sta\u017c pedagogiczny w zakresie nauczania j\u0119zyka w\u0142oskiego.<\/p>\n<p>Il corpo docente di cui si avvale l\u2019Istituto Italiano di Cultura di Cracovia \u00e8 composto da docenti laureati in lingua e lettere italiane e di docenti madrelingua, con esperienze professionali e qualificati ad insegnare l\u2019italiano a stranieri.<\/p>\n<p><strong>Podr\u0119czniki i materia\u0142y dydaktyczne<\/strong><\/p>\n<p>Podczas zaj\u0119\u0107 na kursach w Instytucie b\u0119d\u0105 u\u017cywane nast\u0119puj\u0105ce podr\u0119czniki:<\/p>\n<p>Kursy na poziomie A1.1, A1.2 &#8211; Spazio Italia 1, Loescher Editore<\/p>\n<p><img loading=\"lazy\" decoding=\"async\" class=\"alignnone size-full wp-image-203 img-fluid\" src=\"https:\/\/iiccracovia.esteri.it\/wp-content\/uploads\/2023\/05\/1.jpg\" alt=\"\" width=\"151\" height=\"204\" \/><\/p>\n<p>Kursy na poziomie A2.1, A2.2. &#8211; Spazio Italia 2, Loescher Editore<\/p>\n<p><img loading=\"lazy\" decoding=\"async\" class=\"alignnone size-full wp-image-226 img-fluid\" src=\"https:\/\/iiccracovia.esteri.it\/wp-content\/uploads\/2023\/05\/2-2.jpg\" alt=\"\" width=\"149\" height=\"203\" \/><\/p>\n<p>Kursy na poziomie B1.1., B1.2 &#8211; Nuovo Contatto B1, Loescher Editore<\/p>\n<p>Kursy na poziomie B2.1, B2.2 &#8211; Nuovo Contatto B2, Loescher Editore<\/p>\n<p>Kurs C1.1, C1.2, C2.1 &#8211; Nuovissimo Progetto 3<\/p>\n<p>Kurs I1 (Intensywny A1)- Spazio Italia 1<\/p>\n<p>Kurs I2 (Intensywny A2)- Spazio Italia 2<\/p>\n<p>Kurs I3 (Intensywny B1) &#8211; Nuovo Contatto B1<\/p>\n","protected":false},"excerpt":{"rendered":"Wyk\u0142adowcy \/ Docenti Nasi lektorzy wsp\u00f3\u0142pracuj\u0105cy z W\u0142oskim Instytutem Kultury w Krakowie to dyplomowani wyk\u0142adowcy i absolwenci Italianistyki oraz W\u0142osi, dla kt\u00f3rych j\u0119zyk w\u0142oski jest j\u0119zykiem rodzimym i kt\u00f3rzy posiadaj\u0105 wieloletni sta\u017c pedagogiczny w zakresie nauczania j\u0119zyka w\u0142oskiego. Il corpo docente di cui si avvale l\u2019Istituto Italiano di Cultura di Cracovia \u00e8 composto da docenti [&hellip;]","protected":false},"author":1,"featured_media":0,"parent":300,"menu_order":0,"comment_status":"closed","ping_status":"closed","template":"","meta":{"footnotes":""},"class_list":["post-2164","page","type-page","status-publish","hentry"],"_links":{"self":[{"href":"https:\/\/iiccracovia.esteri.it\/pl\/wp-json\/wp\/v2\/pages\/2164","targetHints":{"allow":["GET"]}}],"collection":[{"href":"https:\/\/iiccracovia.esteri.it\/pl\/wp-json\/wp\/v2\/pages"}],"about":[{"href":"https:\/\/iiccracovia.esteri.it\/pl\/wp-json\/wp\/v2\/types\/page"}],"author":[{"embeddable":true,"href":"https:\/\/iiccracovia.esteri.it\/pl\/wp-json\/wp\/v2\/users\/1"}],"replies":[{"embeddable":true,"href":"https:\/\/iiccracovia.esteri.it\/pl\/wp-json\/wp\/v2\/comments?post=2164"}],"version-history":[{"count":2,"href":"https:\/\/iiccracovia.esteri.it\/pl\/wp-json\/wp\/v2\/pages\/2164\/revisions"}],"predecessor-version":[{"id":2168,"href":"https:\/\/iiccracovia.esteri.it\/pl\/wp-json\/wp\/v2\/pages\/2164\/revisions\/2168"}],"up":[{"embeddable":true,"href":"https:\/\/iiccracovia.esteri.it\/pl\/wp-json\/wp\/v2\/pages\/300"}],"wp:attachment":[{"href":"https:\/\/iiccracovia.esteri.it\/pl\/wp-json\/wp\/v2\/media?parent=2164"}],"curies":[{"name":"wp","href":"https:\/\/api.w.org\/{rel}","templated":true}]}}