{"id":109,"date":"2023-04-03T20:55:37","date_gmt":"2023-04-03T18:55:37","guid":{"rendered":"https:\/\/iiccracovia.esteri.it\/?page_id=109"},"modified":"2026-02-09T11:15:21","modified_gmt":"2026-02-09T09:15:21","slug":"kursy-jezyka-wloskiego","status":"publish","type":"page","link":"https:\/\/iiccracovia.esteri.it\/pl\/lingua-e-cultura\/kursy-jezyka-wloskiego\/","title":{"rendered":"Kursy j\u0119zyka w\u0142oskiego"},"content":{"rendered":"<p><strong>KURSY J\u0118ZYKA W\u0141OSKIEGO ONLINE I STACJONARNE<\/strong><\/p>\n<p>W\u0142oski Instytut Kultury w Krakowie organizuje kursy w celu\u00a0upowszechnienia znajomo\u015bci j\u0119zyka i kultury w\u0142oskiej.<\/p>\n<p><img loading=\"lazy\" decoding=\"async\" class=\"alignnone size-medium wp-image-8069 img-fluid\" src=\"https:\/\/iiccracovia.esteri.it\/wp-content\/uploads\/2026\/01\/kursy-2026_page-0001-1-300x300.jpg\" alt=\"\" width=\"300\" height=\"300\" srcset=\"https:\/\/iiccracovia.esteri.it\/wp-content\/uploads\/2026\/01\/kursy-2026_page-0001-1-300x300.jpg 300w, https:\/\/iiccracovia.esteri.it\/wp-content\/uploads\/2026\/01\/kursy-2026_page-0001-1-1024x1024.jpg 1024w, https:\/\/iiccracovia.esteri.it\/wp-content\/uploads\/2026\/01\/kursy-2026_page-0001-1-150x150.jpg 150w, https:\/\/iiccracovia.esteri.it\/wp-content\/uploads\/2026\/01\/kursy-2026_page-0001-1-768x768.jpg 768w, https:\/\/iiccracovia.esteri.it\/wp-content\/uploads\/2026\/01\/kursy-2026_page-0001-1.jpg 1920w\" sizes=\"auto, (max-width: 300px) 100vw, 300px\" \/><\/p>\n<p><strong><span style=\"font-family: 'Calibri',sans-serif;\">ZAPISY NA KURSY II SEMESTRU 2025-2026 B\u0118D\u0104 OTWARTE OD <span style=\"text-decoration: underline;\">23 LUTEGO<\/span> na stronie <a href=\"https:\/\/zapisy-iic.pl\/\">ZAPIS\u00d3W<\/a>\u00a0<\/span><\/strong><\/p>\n<p><strong><span style=\"font-family: 'Calibri',sans-serif;\">POCZ\u0104TEK\u00a0 KURS\u00d3W 1 MARCA 2026<\/span><\/strong><\/p>\n<p>Zapisy odbywaj\u0105 si\u0119 na stronie <a href=\"https:\/\/zapisy-iic.pl\/\">zapisy-iic.pl \u00a0<\/a>\u00a0AKTYWNEJ WY\u0141\u0104CZNIE W CZASIE TRWANIA ZAPIS\u00d3W!<\/p>\n<p>Cz\u0119\u015b\u0107 kurs\u00f3w b\u0119dzie odbywa\u0107 si\u0119 stacjonarnie, w siedzibie Instytutu, ul. Grodzka 49.<\/p>\n<p>Kalendarz zaj\u0119\u0107:<\/p>\n<p><a href=\"https:\/\/iiccracovia.esteri.it\/wp-content\/uploads\/2026\/02\/harmonogram-zajec-online-1.pdf\">harmonogram zajec online<\/a><\/p>\n<p><a href=\"https:\/\/iiccracovia.esteri.it\/wp-content\/uploads\/2026\/02\/harmonogram-zajec-stacjonarnych-1.pdf\">harmonogram zajec stacjonarnych<\/a><\/p>\n<p>&nbsp;<\/p>\n<p>Cena kursu wynosi:\u00a0 959 z\u0142 za kurs standard (30 godzin zegarowych) oraz kurs konwersacyjny (21 godzin zegarowych), cena po zni\u017cce 899 z\u0142 (zasady przyznawania zni\u017cek opisane s\u0105 w regulaminie kurs\u00f3w) i 1799 z\u0142 za kurs intensywny (60 godzin zegarowych)<\/p>\n<p><strong><span style=\"text-decoration: underline;\">W sprawie informacji dotycz\u0105cych zapis\u00f3w i ewentualnych problem\u00f3w prosimy pisa\u0107 na adres:<\/span><\/strong><strong>\u00a0<\/strong><strong>corsi.iic.coordinazione@gmail.com <\/strong><strong><span style=\"text-decoration: underline;\">albo dzwoni\u0107 na numer 510 871 956 <\/span><br \/>\n<\/strong><\/p>\n<p>&nbsp;<\/p>\n<p>&nbsp;<\/p>\n<p>Og\u00f3lne informacje na temat zaj\u0119\u0107:<\/p>\n<p><a href=\"https:\/\/docs.google.com\/document\/d\/1YbCbhWTLFECQBbM0Zu61apHCVdv-DGjXfs0JxfOdmso\/edit?usp=sharing\">Og\u00f3lne informacje o prowadzonych kursach <\/a><\/p>\n<p><strong>Informacje i zapisy na test kwalifikacyjny ONLINE<\/strong>:<\/p>\n<p>Nale\u017cy napisa\u0107 wiadomo\u015b\u0107 do Sekretariatu Kurs\u00f3w i poda\u0107 najwa\u017cniejsze informacje na temat znajomo\u015bci j\u0119zyka w\u0142oskiego w celu dobrania odpowiedniego poziomu testu kwalifikuj\u0105cego.<\/p>\n<p>&nbsp;<\/p>\n<p>W okre\u015bleniu poziomu znajomo\u015bci j\u0119zyka zach\u0119camy\u00a0 do zapoznania si\u0119 z nast\u0119puj\u0105cymi materia\u0142ami:\u00a0<a href=\"https:\/\/docs.google.com\/document\/d\/1fVEOF1-0XFWpf-fs7Qfems27TWTW2gfmunfstCsKdHw\/edit?usp=sharing\">Test di autovalutazione<\/a><\/p>\n<p>Szczeg\u00f3\u0142owy opis grup i program\u00f3w realizowanych na poszczeg\u00f3lnych poziomach:\u00a0\u00a0<a href=\"https:\/\/docs.google.com\/document\/d\/1Ncifwf2P2alpFVJq6kgdySyGei4k7MeiZjozH5xE4LU\/edit?usp=sharing\">Opis grup i program\u00f3w nauczania<\/a><\/p>\n<p>&nbsp;<\/p>\n<p>Osoby, kt\u00f3re NIGDY nie uczy\u0142y si\u0119 j\u0119zyka w\u0142oskiego dokonuj\u0105 zapisu do grupy A1.1 lub Intensywnej A1 poprzez stron\u0119<\/p>\n<p><a href=\"http:\/\/www.zapisy-iic.pl\">www.zapisy-iic.pl<\/a><\/p>\n<p>&nbsp;<\/p>\n<p><strong>SEKRETARIAT KURS\u00d3W<\/strong><\/p>\n<p><strong>drog\u0105 mailow\u0105\u00a0 <\/strong><a href=\"mailto:corsi.iiccracovia@esteri.it\">corsi.iic.coordinazione@gmail.com<\/a><strong><br \/>\n<\/strong><\/p>\n<p>&nbsp;<\/p>\n<p><strong>SZCZEG\u00d3\u0141OWE, BIE\u017b\u0104CE INFORMACJE NA TEMAT AKTUALNEJ OFERTY NA STRONIE KURS\u00d3W NA FB:<\/strong><\/p>\n<p><a href=\"https:\/\/www.facebook.com\/Kursy-J%C4%99zyka-w%C5%82oskiego-101667131950559\/\">https:\/\/www.facebook.com\/Kursy<\/a><\/p>\n<p>&nbsp;<\/p>\n<p>INFORMACJE O KONCIE BANKOWYM:<\/p>\n<p>W\u0142oski Instytut Kultury w Krakowie<\/p>\n<p>Bank Pekao SA III O\/Krak\u00f3w<\/p>\n<p>ul. Szpitalna 15<\/p>\n<p>75 1240 2294 1111 0010 1116 6866<\/p>\n<p>&nbsp;<\/p>\n<p>Certyfikacja znajomo\u015bci j\u0119zyka w\u0142oskiego:<\/p>\n<p>Instytut posiada umow\u0119 z Uniwersytetem dla Cudzoziemc\u00f3w w Sienie na wydawanie Certyfikat\u00f3w Znajomo\u015bci J\u0119zyka W\u0142oskiego (CILS DUE &#8211; B2, CILS TRE &#8211; C1, CILS QUATTRO &#8211; C2).<\/p>\n<p>Egzaminy CILS odbywaj\u0105 si\u0119 w Krakowie w czerwcu i grudniu, zgodnie z harmonogramem ustalonym przez Uniwersytet dla Cudzoziemc\u00f3w w Sienie.<br \/>\nInformacje na stronie Instytutu. https:\/\/iiccracovia.esteri.it\/iic_cracovia\/_Cracovia\/Menu\/Imparare_Italiano\/Certificazioni<\/p>\n","protected":false},"excerpt":{"rendered":"KURSY J\u0118ZYKA W\u0141OSKIEGO ONLINE I STACJONARNE W\u0142oski Instytut Kultury w Krakowie organizuje kursy w celu\u00a0upowszechnienia znajomo\u015bci j\u0119zyka i kultury w\u0142oskiej. ZAPISY NA KURSY II SEMESTRU 2025-2026 B\u0118D\u0104 OTWARTE OD 23 LUTEGO na stronie ZAPIS\u00d3W\u00a0 POCZ\u0104TEK\u00a0 KURS\u00d3W 1 MARCA 2026 Zapisy odbywaj\u0105 si\u0119 na stronie zapisy-iic.pl \u00a0\u00a0AKTYWNEJ WY\u0141\u0104CZNIE W CZASIE TRWANIA ZAPIS\u00d3W! Cz\u0119\u015b\u0107 kurs\u00f3w b\u0119dzie odbywa\u0107 [&hellip;]","protected":false},"author":4,"featured_media":0,"parent":300,"menu_order":0,"comment_status":"closed","ping_status":"closed","template":"","meta":{"footnotes":""},"class_list":["post-109","page","type-page","status-publish","hentry"],"_links":{"self":[{"href":"https:\/\/iiccracovia.esteri.it\/pl\/wp-json\/wp\/v2\/pages\/109","targetHints":{"allow":["GET"]}}],"collection":[{"href":"https:\/\/iiccracovia.esteri.it\/pl\/wp-json\/wp\/v2\/pages"}],"about":[{"href":"https:\/\/iiccracovia.esteri.it\/pl\/wp-json\/wp\/v2\/types\/page"}],"author":[{"embeddable":true,"href":"https:\/\/iiccracovia.esteri.it\/pl\/wp-json\/wp\/v2\/users\/4"}],"replies":[{"embeddable":true,"href":"https:\/\/iiccracovia.esteri.it\/pl\/wp-json\/wp\/v2\/comments?post=109"}],"version-history":[{"count":8,"href":"https:\/\/iiccracovia.esteri.it\/pl\/wp-json\/wp\/v2\/pages\/109\/revisions"}],"predecessor-version":[{"id":8342,"href":"https:\/\/iiccracovia.esteri.it\/pl\/wp-json\/wp\/v2\/pages\/109\/revisions\/8342"}],"up":[{"embeddable":true,"href":"https:\/\/iiccracovia.esteri.it\/pl\/wp-json\/wp\/v2\/pages\/300"}],"wp:attachment":[{"href":"https:\/\/iiccracovia.esteri.it\/pl\/wp-json\/wp\/v2\/media?parent=109"}],"curies":[{"name":"wp","href":"https:\/\/api.w.org\/{rel}","templated":true}]}}