{"id":44,"date":"2023-04-03T20:56:11","date_gmt":"2023-04-03T18:56:11","guid":{"rendered":"https:\/\/istitutobuenosaires.esteri.it\/?page_id=44"},"modified":"2026-04-03T13:45:22","modified_gmt":"2026-04-03T11:45:22","slug":"certificazioni","status":"publish","type":"page","link":"https:\/\/iiccracovia.esteri.it\/it\/lingua-e-cultura\/certificazioni\/","title":{"rendered":"Certificazioni"},"content":{"rendered":"<p>L&#8217;Istituto Italiano di Cultura di Cracovia organizza, a partire dal 2025,\u00a0organizza due sessioni annuali di esami per ottenere la certificazione CILS, in collaborazione con l\u2019Universit\u00e0 per Stranieri di Siena.<\/p>\n<p>Gli esami consentono di ottenere il certificato di conoscenza della lingua italiana dai livelli <strong>B2, C1<\/strong> e <strong>C2<\/strong>.<\/p>\n<p>&nbsp;<\/p>\n<p><strong>Prossima sessione<\/strong><\/p>\n<p>La prossima sessione si terr\u00e0 il <strong>16 giugno 2026<\/strong>.<\/p>\n<p class=\"x_MsoNormal\"><span lang=\"IT\">Si comunica che sono aperte le iscrizioni per la sessione d&#8217;esame\u00a0<b>CILS (Certificazione di Italiano come Lingua Straniera)<\/b>\u00a0prevista per il\u00a0<b>16 giugno 2026<\/b>.<u><\/u><u><\/u><\/span><\/p>\n<p class=\"x_MsoNormal\"><span lang=\"IT\">Le iscrizioni saranno accettate\u00a0<b>fino al 30 aprile 2026<\/b>.<u><\/u><u><\/u><\/span><\/p>\n<p class=\"x_MsoNormal\"><span lang=\"IT\">\u26a0<\/span>\ufe0f\u00a0<b><span lang=\"IT\">Attenzione: i posti sono limitati.<\/span><\/b><span lang=\"IT\">\u00a0Le iscrizioni verranno accettate in\u00a0<b>ordine di arrivo<\/b>. Si consiglia di procedere con la registrazione il prima possibile per assicurarsi un posto.<u><\/u><u><\/u><\/span><\/p>\n<p class=\"x_MsoNormal\"><span lang=\"IT\">L&#8217;iscrizione all&#8217;esame si considera\u00a0<b>confermata solo dopo aver ricevuto una risposta da parte dell&#8217;istituto<\/b>. Si prega di compilare correttamente e allegare tutta la documentazione richiesta seguendo le istruzioni di seguito indicate.<\/span><\/p>\n<p><strong>Come iscriversi<\/strong><\/p>\n<p>Per l\u2019iscrizione all\u2019esame CILS sono necessari i seguenti documenti:<\/p>\n<ul>\n<li>modulo di adesione al CILS compilato in modo leggibile e a stampatello (i dati vengono trascritti su tutti i documenti d\u2019esame);<\/li>\n<li>fotocopia del documento di identit\u00e0 provvisto di fotografia <strong>IN UN UNICO FILE PDF O JPG<\/strong>;<\/li>\n<li>ricevuta del pagamento effettuato secondo il listino prezzi delle certificazioni.<\/li>\n<\/ul>\n<p>I documenti vanno inviati in formato elettronico (pdf\/jpg) all\u2019indirizzo e-mail: corsi.iic.coordinazione@gmail.com<\/p>\n<p>&nbsp;<\/p>\n<p>Scarica il<strong>\u00a0Modulo di iscrizione all\u2019esame CILS\u00a0<\/strong>cliccando qui <a href=\"https:\/\/iiccracovia.esteri.it\/wp-content\/uploads\/2025\/01\/Modulo-di-adesione-allesame-CILS.pdf\">Modulo-di-adesione-allesame-CILS<\/a><\/p>\n<p>&nbsp;<\/p>\n<p><strong>Costi<\/strong><\/p>\n<p><strong>ESAME COMPLETO*<\/strong><\/p>\n<ul>\n<li>CILS Due (B2) 300 z\u0142 + 125 z\u0142 = 425 z\u0142<\/li>\n<li>CILS Tre (C1) 390 z\u0142 + 125 z\u0142 = 515 z\u0142<\/li>\n<li>CILS Quattro (C2) 450 z\u0142 + 125 z\u0142 = 575 z\u0142<\/li>\n<\/ul>\n<p>*I costi totali corrispondono alle quote esame + le spese amministrative.<\/p>\n<p>&nbsp;<\/p>\n<p><strong>SINGOLE ABILIT\u00c0 DA RECUPERARE*<\/strong><\/p>\n<ul>\n<li>CILS Due (B2) 98 z\u0142 + 75 z\u0142 = 173 z\u0142<\/li>\n<li>CILS Tre (C1) 107 z\u0142 + 75 z\u0142 = 182 z\u0142<\/li>\n<li>CILS Quattro (C2) 122 z\u0142 + 75 z\u0142 = 197 z\u0142<\/li>\n<\/ul>\n<p>*I costi totali corrispondono alle quote esame + le spese amministrative.<\/p>\n<p><span class=\"titoloRosso\"><br \/>\n<\/span><strong>Informazioni<\/strong>: <a href=\"corsi.iic.coordinazione@gmail.com\">corsi.iic.coordinazione@gmail.com<\/a><\/p>\n<p>Il <strong>numero di conto<\/strong> dove effettuare il versamento \u00e8 il seguente:<\/p>\n<p>Bank Pekao SA III O\/Krak\u00f3w, ul. Szpitalna 15<br \/>\nnr conto: 75 1240 2294 1111 0010 1116 6866<\/p>\n<hr \/>\n<p>Ritiro dei certificati<\/p>\n<p><strong>Informazioni<\/strong>:\u00a0 <a href=\"mailto:corsi.iic.coordinazione@gmail.com\">corsi.iic.coordinazione@gmail.com<\/a><\/p>\n<hr \/>\n<hr \/>\n<p><span class=\"titoloCategoria\"><br \/>\n<strong>Certificazione dell\u2019italiano come lingua straniera<\/strong><\/span><\/p>\n<p>&nbsp;<\/p>\n<p>I Certificati di Italiano sono\u00a0titoli che dichiarano il grado di competenza comunicativa in italiano come lingua straniera. I destinatari sono tutti i cittadini stranieri, i cittadini italiani residenti all\u2019estero (discendenti di emigrati italiani) e gli immigrati stranieri in Italia.<\/p>\n<p>Per sostenere le prove non \u00e8 necessario possedere titoli di studio particolari.<\/p>\n<p>Per la somministrazione delle prove all\u2019estero tramite gli Istituti Italiani di Cultura, il Ministero degli Affari Esteri ha stipulato convenzioni con le seguenti Istituzioni:<\/p>\n<p><a class=\"titoloNotizia\" href=\"https:\/\/www.unistrapg.it\/it\/certificati-di-conoscenza-della-lingua-italiana\/celi-certificati-di-lingua-italiana\" target=\"_blank\" rel=\"noopener\">Universit\u00e0 per Stranieri di Perugia<\/a>(CELI \u2013 CIC)<\/p>\n<p><a href=\"https:\/\/cils.unistrasi.it\/79\/Il_sistema_di_Certificazione_CILS.htm\" target=\"_blank\" rel=\"noopener\"><span class=\"titoloNotizia\">Universit\u00e0 per Stranieri di Siena<\/span><\/a>\u00a0(CILS)<\/p>\n<p><a title=\"Universita' Roma Tre\" href=\"http:\/\/host.uniroma3.it\/dipartimenti\/linguistica\/homepage.html\" target=\"_blank\" rel=\"noopener\"><span class=\"titoloNotizia\">Universit\u00e0 degli Studi Roma Tre<\/span>\u00a0<\/a>(IT &#8211; ele.IT)<\/p>\n<p><a class=\"titoloNotizia\" href=\"https:\/\/plida.dante.global\/it\/esami-plida\" target=\"_blank\" rel=\"noopener\">Societ\u00e0 Dante Alighieri<\/a>(PLIDA)<\/p>\n<p class=\"titoloNotizia\"><span class=\"titoloCategoria\"><em>Corrispondenza delle certificazioni con il Quadro Comune Europeo di Riferimento<\/em><\/span><\/p>\n<table class=\"tableRed table\" border=\"0\" cellspacing=\"0\" cellpadding=\"0\">\n<tbody>\n<tr>\n<th class=\"titolorosso\" width=\"100\"><\/th>\n<th class=\"titolorosso\" width=\"100\">Universit\u00e0 per Stranieri di Perugia<\/th>\n<td class=\"titolorosso\" width=\"100\">Universit\u00e0 per Stranieri di<br \/>\nSiena<\/td>\n<td class=\"titolorosso\" width=\"100\">Universit\u00e0 degli Studi di Roma Tre<\/td>\n<td class=\"titolorosso\" width=\"100\">Dante Alighieri<\/td>\n<\/tr>\n<tr>\n<td class=\"tableRed\" width=\"100\"><span class=\"titoloRosso\">LIVELLO C2<br \/>\nPadronanza<\/span><\/td>\n<td class=\"tableRed\" width=\"100\">CELI 5<\/td>\n<td class=\"tableRed\" width=\"100\">CILS Quattro-C2<\/td>\n<td class=\"tableRed\" width=\"100\">IT<\/td>\n<td class=\"tableRed\" width=\"100\">PLIDA C2<\/td>\n<\/tr>\n<tr>\n<td class=\"tableRed\" width=\"100\"><span class=\"titoloRosso\">LIVELLO C1<br \/>\nEfficacia<\/span><\/td>\n<td class=\"tableRed\" width=\"100\">\n<table class=\"table\" border=\"0\" cellspacing=\"0\" cellpadding=\"0\">\n<tbody>\n<tr>\n<td class=\"tableGray\" width=\"20%\">CELI4<\/td>\n<td class=\"tableGray\" width=\"20%\"><\/td>\n<td class=\"tableGray\" width=\"20%\"><\/td>\n<\/tr>\n<\/tbody>\n<\/table>\n<\/td>\n<td class=\"tableRed\" width=\"100\">CILS Tre-C1<\/td>\n<td class=\"tableRed\" width=\"100\">&#8212;&#8212;<\/td>\n<td class=\"tableRed\" width=\"100\">PLIDA C1<\/td>\n<\/tr>\n<tr>\n<td class=\"tableRed\" width=\"100\"><span class=\"titoloRosso\">LIVELLO B2<br \/>\n<\/span><span class=\"titoloRosso\">Progresso<br \/>\n<\/span><\/td>\n<td class=\"tableRed\" width=\"100\">CELI3<\/td>\n<td class=\"tableRed\" width=\"100\">CILS Due B2<\/td>\n<td class=\"tableRed\" width=\"100\">&#8212;&#8212;<\/td>\n<td class=\"tableRed\" width=\"100\">PLIDA\u00a0B2<\/td>\n<\/tr>\n<tr>\n<td class=\"tableRed\" width=\"100\"><span class=\"titoloRosso\">LIVELLO B1<br \/>\nSoglia<\/span><\/td>\n<td class=\"tableRed\" width=\"100\">CELI2<\/td>\n<td class=\"tableRed\" width=\"100\">CILS Uno B1<\/td>\n<td class=\"tableRed\" width=\"100\">ele.IT<\/td>\n<td class=\"tableRed\" width=\"100\">PLIDA B1<\/td>\n<\/tr>\n<tr>\n<td class=\"tableRed\" width=\"100\"><span class=\"titoloRosso\">LIVELLO A2<br \/>\nSopravvivenza<\/span><\/td>\n<td class=\"tableRed\" width=\"100\">CELI1<\/td>\n<td class=\"tableRed\" width=\"100\">CILS A2<\/td>\n<td class=\"tableRed\" width=\"100\">&#8212;&#8212;<\/td>\n<td class=\"tableRed\" width=\"100\">PLIDA\u00a0A2<\/td>\n<\/tr>\n<tr>\n<td class=\"tableRed\" width=\"100\"><span class=\"titoloRosso\">LIVELLO A1<br \/>\nContatto<\/span><\/td>\n<td class=\"tableRed\" width=\"100\">CELI1<\/td>\n<td class=\"tableRed\" width=\"100\">CILS A1<\/td>\n<td class=\"tableRed\" width=\"100\">&#8212;&#8212;<\/td>\n<td class=\"tableRed\" width=\"100\">PLIDA A1<\/td>\n<\/tr>\n<\/tbody>\n<\/table>\n","protected":false},"excerpt":{"rendered":"L&#8217;Istituto Italiano di Cultura di Cracovia organizza, a partire dal 2025,\u00a0organizza due sessioni annuali di esami per ottenere la certificazione CILS, in collaborazione con l\u2019Universit\u00e0 per Stranieri di Siena. Gli esami consentono di ottenere il certificato di conoscenza della lingua italiana dai livelli B2, C1 e C2. &nbsp; Prossima sessione La prossima sessione si terr\u00e0 [&hellip;]","protected":false},"author":1,"featured_media":0,"parent":16,"menu_order":4,"comment_status":"closed","ping_status":"closed","template":"","meta":{"footnotes":""},"class_list":["post-44","page","type-page","status-publish","hentry"],"_links":{"self":[{"href":"https:\/\/iiccracovia.esteri.it\/it\/wp-json\/wp\/v2\/pages\/44","targetHints":{"allow":["GET"]}}],"collection":[{"href":"https:\/\/iiccracovia.esteri.it\/it\/wp-json\/wp\/v2\/pages"}],"about":[{"href":"https:\/\/iiccracovia.esteri.it\/it\/wp-json\/wp\/v2\/types\/page"}],"author":[{"embeddable":true,"href":"https:\/\/iiccracovia.esteri.it\/it\/wp-json\/wp\/v2\/users\/1"}],"replies":[{"embeddable":true,"href":"https:\/\/iiccracovia.esteri.it\/it\/wp-json\/wp\/v2\/comments?post=44"}],"version-history":[{"count":9,"href":"https:\/\/iiccracovia.esteri.it\/it\/wp-json\/wp\/v2\/pages\/44\/revisions"}],"predecessor-version":[{"id":9082,"href":"https:\/\/iiccracovia.esteri.it\/it\/wp-json\/wp\/v2\/pages\/44\/revisions\/9082"}],"up":[{"embeddable":true,"href":"https:\/\/iiccracovia.esteri.it\/it\/wp-json\/wp\/v2\/pages\/16"}],"wp:attachment":[{"href":"https:\/\/iiccracovia.esteri.it\/it\/wp-json\/wp\/v2\/media?parent=44"}],"curies":[{"name":"wp","href":"https:\/\/api.w.org\/{rel}","templated":true}]}}