{"id":41,"date":"2023-04-03T20:55:21","date_gmt":"2023-04-03T18:55:21","guid":{"rendered":"https:\/\/istitutobuenosaires.esteri.it\/?page_id=41"},"modified":"2025-07-01T11:38:24","modified_gmt":"2025-07-01T09:38:24","slug":"contatti","status":"publish","type":"page","link":"https:\/\/iiccracovia.esteri.it\/it\/chi-siamo\/contatti\/","title":{"rendered":"Contatti"},"content":{"rendered":"<p><strong>Indirizzo:\u00a0<\/strong>Ulica Grodzka, 49, 31-001 Cracovia<\/p>\n<p><strong>E-mail: <a href=\"mailto:iiccracovia@esteri.it\">iiccracovia@esteri.it<\/a><\/strong><\/p>\n<p><strong>PEC: <a href=\"mailto:iic.cracovia@cert.esteri.it\">iic.cracovia@cert.esteri.it<\/a><\/strong><\/p>\n<p>tel. +48-12-4218943<\/p>\n<p>&nbsp;<\/p>\n<p><strong>Orari di apertura:<\/strong><\/p>\n<p>luned\u00ec &#8211; gioved\u00ec<\/p>\n<p>10:00 &#8211; 16:00<\/p>\n<p>venerd\u00ec<\/p>\n<p>10:00-15:00<\/p>\n<p>&nbsp;<\/p>\n<p><strong>Biblioteca<\/strong><span class=\"titoloCategoria\"><br \/>\n<\/span>e-mail: corsi.iic.coordinazione@gmail.com<\/p>\n<p><strong><span class=\"titoloRosso\">Esami e certificazioni CELI<\/span><\/strong><br \/>\ne-mail: corsi.iic.coordinazione@gmail.com<\/p>\n<p><span class=\"titoloRosso\"><strong>Borse di studio e Segreteria corsi<\/strong><br \/>\n<\/span>e-mail: corsi.iic.coordinazione@gmail.com<\/p>\n","protected":false},"excerpt":{"rendered":"Indirizzo:\u00a0Ulica Grodzka, 49, 31-001 Cracovia E-mail: iiccracovia@esteri.it PEC: iic.cracovia@cert.esteri.it tel. +48-12-4218943 &nbsp; Orari di apertura: luned\u00ec &#8211; gioved\u00ec 10:00 &#8211; 16:00 venerd\u00ec 10:00-15:00 &nbsp; Biblioteca e-mail: corsi.iic.coordinazione@gmail.com Esami e certificazioni CELI e-mail: corsi.iic.coordinazione@gmail.com Borse di studio e Segreteria corsi e-mail: corsi.iic.coordinazione@gmail.com","protected":false},"author":1,"featured_media":0,"parent":15,"menu_order":4,"comment_status":"closed","ping_status":"closed","template":"","meta":{"footnotes":""},"class_list":["post-41","page","type-page","status-publish","hentry"],"_links":{"self":[{"href":"https:\/\/iiccracovia.esteri.it\/it\/wp-json\/wp\/v2\/pages\/41","targetHints":{"allow":["GET"]}}],"collection":[{"href":"https:\/\/iiccracovia.esteri.it\/it\/wp-json\/wp\/v2\/pages"}],"about":[{"href":"https:\/\/iiccracovia.esteri.it\/it\/wp-json\/wp\/v2\/types\/page"}],"author":[{"embeddable":true,"href":"https:\/\/iiccracovia.esteri.it\/it\/wp-json\/wp\/v2\/users\/1"}],"replies":[{"embeddable":true,"href":"https:\/\/iiccracovia.esteri.it\/it\/wp-json\/wp\/v2\/comments?post=41"}],"version-history":[{"count":8,"href":"https:\/\/iiccracovia.esteri.it\/it\/wp-json\/wp\/v2\/pages\/41\/revisions"}],"predecessor-version":[{"id":6406,"href":"https:\/\/iiccracovia.esteri.it\/it\/wp-json\/wp\/v2\/pages\/41\/revisions\/6406"}],"up":[{"embeddable":true,"href":"https:\/\/iiccracovia.esteri.it\/it\/wp-json\/wp\/v2\/pages\/15"}],"wp:attachment":[{"href":"https:\/\/iiccracovia.esteri.it\/it\/wp-json\/wp\/v2\/media?parent=41"}],"curies":[{"name":"wp","href":"https:\/\/api.w.org\/{rel}","templated":true}]}}