{"id":3725,"date":"2024-06-11T12:46:26","date_gmt":"2024-06-11T10:46:26","guid":{"rendered":"https:\/\/iiccracovia.esteri.it\/?page_id=3725"},"modified":"2024-06-11T14:12:20","modified_gmt":"2024-06-11T12:12:20","slug":"regolamento-generale-sulla-protezione-dei-dati-personali","status":"publish","type":"page","link":"https:\/\/iiccracovia.esteri.it\/it\/amministrazione-trasparente\/regolamento-generale-sulla-protezione-dei-dati-personali\/","title":{"rendered":"Regolamento generale sulla protezione dei dati personali"},"content":{"rendered":"<div class=\"sr-only\"><strong>Informativa sulla protezione delle persone fisiche con riguardo al trattamento dei dati personali dell\u2019Istituto Italiano di Cultura di Edimburgo (IIC) del Ministero degli Affari Esteri e della Cooperazione Internazionale (MAECI)<\/strong><\/div>\n<div>\n<p><strong>Generalit\u00e0<\/strong><\/p>\n<p>Il trattamento dei dati personali effettuato dall\u2019IIC, quale Ufficio estero del MAECI, \u00e8 improntato ai principi di liceit\u00e0, correttezza e trasparenza a tutela dei diritti e delle libert\u00e0 fondamentali delle persone fisiche.<\/p>\n<p>Il titolare del trattamento \u00e8 il MAECI il quale, con riferimento alle attivit\u00e0 istituzionali dell\u2019IIC, opera per il tramite dell\u2019IIC.<\/p>\n<p>Per eventuali quesiti o reclami, l\u2019interessato pu\u00f2 contattare il Responsabile della Protezione dei Dati Personali (RPD) del MAECI ai seguenti recapiti:<\/p>\n<p><em>Ministero degli Affari Esteri e della Cooperazione internazionale<\/em><br \/>\n<em>Piazzale della Farnesina 1<\/em><br \/>\n<em>00135 Roma<\/em><br \/>\n<em>Italia<\/em><br \/>\n<em>Telefono: 0039 06 36911 (centralino)<\/em><br \/>\n<em>Posta elettronica: rpd@esteri.it<\/em><br \/>\n<em>Pec: rpd@cert.esteri.it<\/em><\/p>\n<p>I dati personali forniti dall\u2019interessato saranno utilizzati in particolare per le finalit\u00e0 descritte nei seguenti paragrafi riguardo ai singoli servizi.<\/p>\n<p>Il trattamento dei dati forniti dall\u2019interessato \u00e8 basato sul consenso. L\u2019eventuale rifiuto al conferimento dei dati non consentir\u00e0 all\u2019interessato di accedere al servizio.<\/p>\n<p>Fatto salvo quanto indicato nei seguenti paragrafi, il trattamento dei dati \u00e8 effettuato dal personale dell\u2019IIC in modalit\u00e0 mista (manuale e automatizzata).<\/p>\n<p>L\u2019interessato pu\u00f2 chiedere l\u2019accesso ai propri dati personali e la loro rettifica. Fatte salve le conseguenze sull\u2019accesso al servizio, egli pu\u00f2 altres\u00ec chiedere la cancellazione di tali dati e la limitazione del trattamento o l\u2019opposizione al loro trattamento. In questi casi, l\u2019interessato dovr\u00e0 presentare apposita richiesta all\u2019IIC, indirizzata per conoscenza al RPD del MAECI.<\/p>\n<p>Se ritiene che i propri diritti siano stati violati, l\u2019interessato pu\u00f2 presentare un reclamo all\u2019RPD del MAECI (e\/o all\u2019RPD del Responsabile del trattamento). In alternativa, pu\u00f2 rivolgersi al Garante italiano per la Protezione dei Dati personali ai seguenti recapiti:<\/p>\n<p><em>Piazza di Montecitorio 121<\/em><br \/>\n<em>00186 Roma<\/em><br \/>\n<em>Tel. 0039 06 696771 (centralino)<\/em><br \/>\n<em>Posta elettronica: garante@gpdp.it<\/em><br \/>\n<em>Pec: protocollo@pec.gpdp.it<\/em><\/p>\n<p><strong>Proposte culturali<\/strong><\/p>\n<p>Al fine di valutare e realizzare iniziative culturali, l\u2019IIC conserva le informazioni personali contenute nella singola proposta ricevuta e la comunicazione che la contiene.<\/p>\n<p><strong>Newsletter<\/strong><\/p>\n<p>Iscrivendosi al servizio di newsletter si accetta che i propri dati personali vengano conservati dall\u2019IIC al fine di:<br \/>\na) inviare informazioni riguardanti gli eventi dell\u2019IIC;<br \/>\nb) inviare informazioni riguardanti gli eventi che si tengono in Polonia e che sono relativi alla cultura italiana;<br \/>\nc) inviare inviti agli eventi dell\u2019IIC.<br \/>\nSi pu\u00f2 cancellare l\u2019iscrizione al servizio di newsletter, e contestualmente porre fine al corrispondente trattamento dei dati personali, contattandoci all&#8217;indirizzo <a href=\"mailto:stampa.iiccracovia@esteri.it\">stampa.iiccracovia@esteri.it<\/a>.<\/p>\n<p>Il servizio di newsletter non utilizza software o servizi di terze parti.<\/p>\n<p><strong>Collegamenti a siti esterni<\/strong><\/p>\n<p>Il sito web dell\u2019IIC contiene collegamenti a siti esterni non gestiti dall\u2019IIC. Tali siti sono soggetti alle proprie condizioni d\u2019uso e alle proprie politiche di trattamento dei dati personali, che possono essere regolate in modo diverso da quelle del sito dell\u2019IIC. Le informazioni e le opinioni espresse nei siti esterni non riflettono necessariamente la posizione dell\u2019IIC.<\/p>\n<\/div>\n","protected":false},"excerpt":{"rendered":"Informativa sulla protezione delle persone fisiche con riguardo al trattamento dei dati personali dell\u2019Istituto Italiano di Cultura di Edimburgo (IIC) del Ministero degli Affari Esteri e della Cooperazione Internazionale (MAECI) Generalit\u00e0 Il trattamento dei dati personali effettuato dall\u2019IIC, quale Ufficio estero del MAECI, \u00e8 improntato ai principi di liceit\u00e0, correttezza e trasparenza a tutela dei [&hellip;]","protected":false},"author":1,"featured_media":0,"parent":23,"menu_order":10,"comment_status":"closed","ping_status":"closed","template":"page-trasparente.php","meta":{"footnotes":""},"class_list":["post-3725","page","type-page","status-publish","hentry"],"_links":{"self":[{"href":"https:\/\/iiccracovia.esteri.it\/it\/wp-json\/wp\/v2\/pages\/3725","targetHints":{"allow":["GET"]}}],"collection":[{"href":"https:\/\/iiccracovia.esteri.it\/it\/wp-json\/wp\/v2\/pages"}],"about":[{"href":"https:\/\/iiccracovia.esteri.it\/it\/wp-json\/wp\/v2\/types\/page"}],"author":[{"embeddable":true,"href":"https:\/\/iiccracovia.esteri.it\/it\/wp-json\/wp\/v2\/users\/1"}],"replies":[{"embeddable":true,"href":"https:\/\/iiccracovia.esteri.it\/it\/wp-json\/wp\/v2\/comments?post=3725"}],"version-history":[{"count":2,"href":"https:\/\/iiccracovia.esteri.it\/it\/wp-json\/wp\/v2\/pages\/3725\/revisions"}],"predecessor-version":[{"id":3739,"href":"https:\/\/iiccracovia.esteri.it\/it\/wp-json\/wp\/v2\/pages\/3725\/revisions\/3739"}],"up":[{"embeddable":true,"href":"https:\/\/iiccracovia.esteri.it\/it\/wp-json\/wp\/v2\/pages\/23"}],"wp:attachment":[{"href":"https:\/\/iiccracovia.esteri.it\/it\/wp-json\/wp\/v2\/media?parent=3725"}],"curies":[{"name":"wp","href":"https:\/\/api.w.org\/{rel}","templated":true}]}}