{"id":329,"date":"2023-05-23T10:53:50","date_gmt":"2023-05-23T08:53:50","guid":{"rendered":"https:\/\/iiccracovia.esteri.it\/?page_id=329"},"modified":"2023-05-23T10:56:00","modified_gmt":"2023-05-23T08:56:00","slug":"la-storia","status":"publish","type":"page","link":"https:\/\/iiccracovia.esteri.it\/it\/chi-siamo\/la-storia\/","title":{"rendered":"La storia"},"content":{"rendered":"<p>L\u2019Istituto Italiano di Cultura di Cracovia, fondato nel 1987, \u00e8 situato nel cuore dell\u2019antica capitale polacca, in ulica Grodzka, a poche centinaia di metri dal Castello del Wawel e dalla piazza centrale, Rynek G\u0142\u00f3wny. L\u2019Istituto utilizza in comodato una superficie di circa 740 mq. in una palazzina borghese di stile eclettico, del XIX secolo, e nell\u2019annessa porzione di un edificio, che risale al XVIII secolo e che si affaccia su una delle pi\u00f9 antiche strade di Cracovia, ulica Kanonicza.<\/p>\n<p>L\u2019Istituto collabora attivamente con l\u2019Universit\u00e0 Jagellonica di Cracovia (e con le Universit\u00e0 di Wroc\u0142aw e Katowice, presso le quali, nei rispettivi Dipartimenti di Italiano, operano lettori inviati dal Ministero degli Affari Esteri), con il Museo Nazionale di Cracovia, la Triennale internazionale di Arte Grafica, l\u2019Accademia di economia, il Centro di Cultura ebraica.<\/p>\n<p>L\u2019Istituto\u00a0di Cracovia dispone di una Biblioteca\/videoteca\/emeroteca. Sono a disposizione pi\u00f9 di 9.000 volumi, 800 DVD. Gli utenti iscritti sono oltre 1200.<\/p>\n<p>Organico: 1 addetto responsabile; 1 impiegato di concetto; 1 esecutivo; 1 ausiliario.<\/p>\n<p>&nbsp;<\/p>\n","protected":false},"excerpt":{"rendered":"L\u2019Istituto Italiano di Cultura di Cracovia, fondato nel 1987, \u00e8 situato nel cuore dell\u2019antica capitale polacca, in ulica Grodzka, a poche centinaia di metri dal Castello del Wawel e dalla piazza centrale, Rynek G\u0142\u00f3wny. L\u2019Istituto utilizza in comodato una superficie di circa 740 mq. in una palazzina borghese di stile eclettico, del XIX secolo, e [&hellip;]","protected":false},"author":2,"featured_media":0,"parent":15,"menu_order":6,"comment_status":"closed","ping_status":"closed","template":"","meta":{"footnotes":""},"class_list":["post-329","page","type-page","status-publish","hentry"],"_links":{"self":[{"href":"https:\/\/iiccracovia.esteri.it\/it\/wp-json\/wp\/v2\/pages\/329","targetHints":{"allow":["GET"]}}],"collection":[{"href":"https:\/\/iiccracovia.esteri.it\/it\/wp-json\/wp\/v2\/pages"}],"about":[{"href":"https:\/\/iiccracovia.esteri.it\/it\/wp-json\/wp\/v2\/types\/page"}],"author":[{"embeddable":true,"href":"https:\/\/iiccracovia.esteri.it\/it\/wp-json\/wp\/v2\/users\/2"}],"replies":[{"embeddable":true,"href":"https:\/\/iiccracovia.esteri.it\/it\/wp-json\/wp\/v2\/comments?post=329"}],"version-history":[{"count":1,"href":"https:\/\/iiccracovia.esteri.it\/it\/wp-json\/wp\/v2\/pages\/329\/revisions"}],"predecessor-version":[{"id":330,"href":"https:\/\/iiccracovia.esteri.it\/it\/wp-json\/wp\/v2\/pages\/329\/revisions\/330"}],"up":[{"embeddable":true,"href":"https:\/\/iiccracovia.esteri.it\/it\/wp-json\/wp\/v2\/pages\/15"}],"wp:attachment":[{"href":"https:\/\/iiccracovia.esteri.it\/it\/wp-json\/wp\/v2\/media?parent=329"}],"curies":[{"name":"wp","href":"https:\/\/api.w.org\/{rel}","templated":true}]}}