{"id":2564,"date":"2024-02-13T14:06:46","date_gmt":"2024-02-13T12:06:46","guid":{"rendered":"https:\/\/iiccracovia.esteri.it\/?page_id=2564"},"modified":"2026-02-16T16:39:41","modified_gmt":"2026-02-16T14:39:41","slug":"2024-contributi-a-universita-straniere-per-corsi-di-formazione-e-aggiornamento-destinati-a-docenti-di-lingua-italiana","status":"publish","type":"page","link":"https:\/\/iiccracovia.esteri.it\/it\/notizie\/2024-contributi-a-universita-straniere-per-corsi-di-formazione-e-aggiornamento-destinati-a-docenti-di-lingua-italiana\/","title":{"rendered":"2026 &#8211; CONTRIBUTI A UNIVERSIT\u00c0 STRANIERE PER CORSI DI FORMAZIONE E AGGIORNAMENTO DESTINATI A DOCENTI DI LINGUA ITALIANA"},"content":{"rendered":"<p>Il Ministero degli Affari Esteri e della Cooperazione Internazionale eroga\u00a0<strong>contributi finalizzati all&#8217;organizzazione di corsi di formazione e aggiornamento destinati ai docenti di lingua italiana operanti nelle universit\u00e0 straniere.<\/strong>\u00a0con contratto a legge locale. Ai fini dell\u2019individuazione delle Istituzioni possibili beneficiarie, con il termine \u201ccattedre di italiano\u201d si intendono cattedre e\/o corsi di insegnamento in ambito universitario nei quali la lingua italiana figuri tra le lingue insegnate secondo l\u2019ordinamento dell\u2019istituzione interessata, anche se la cattedra o il corso ha una diversa denominazione.<\/p>\n<p><strong>I contributi sono finalizzati a coprire solo una parte delle spese relative al corso<\/strong>. Nel modulo apposito l\u2019ente richiedente dovr\u00e0 quantificare le spese che \u00e8 in grado di sostenere autonomamente. L\u2019Ente dovr\u00e0 inoltre fornire una descrizione dettagliata del progetto e delle necessit\u00e0 di formazione. Eventuali costi indicati alla voce \u201cAltro\u201d, inclusi nel preventivo e\/o nel resoconto potranno essere coperti con il contributo esclusivamente se riguarderanno la realizzazione didattica del corso. A titolo esemplificativo e non esaustivo, non potranno essere inclusi, invece, i costi di rinfreschi, pranzi, cene, spese di alloggio dei partecipanti al corso.<\/p>\n<p>Possono presentare domanda di contributo anche le universit\u00e0 in cui presta servizio un lettore ministeriale. Qualora quest\u2019ultimo rientrasse tra i formatori, non potr\u00e0 essere beneficiario di un compenso derivante dal contributo; qualora, invece, volesse assistere al corso, potr\u00e0 partecipare esclusivamente in qualit\u00e0 di uditore ma non potr\u00e0 essere incluso nel computo dei partecipanti. Similmente, non verranno inoltre accolte le richieste per corsi di formazione non rivolti a docenti di lingua italiana gi\u00e0 operanti nelle universit\u00e0 straniere, bens\u00ec a studenti universitari che aspirino a intraprendere in futuro la professione di insegnante di lingua italiana. Qualora interessati, questi ultimi potranno assistere al corso in qualit\u00e0 uditori, ma non potranno essere inclusi nel computo dei partecipanti.<\/p>\n<p><strong>Le richieste di contributo dovranno essere composte dalla seguente documentazione:<\/strong><\/p>\n<ul>\n<li>Lettera di richiesta e motivazione dell\u2019istituzione universitaria (massimo una pagina, su carta intestata dell&#8217;ateneo, firmata dal Responsabile accademico e corredata del timbro<br \/>\ndell\u2019ateneo) redatta sulla base di questa <a href=\"https:\/\/iiccracovia.esteri.it\/wp-content\/uploads\/2026\/02\/101007392619-3_2026_PAESE_Nome-Universita_Lettera_ESEMPIO.pdf\">lettera di esempio<\/a>;<\/li>\n<li><a href=\"https:\/\/iiccracovia.esteri.it\/wp-content\/uploads\/2026\/02\/2890094._A.docx\">Formulario A <\/a><a href=\"https:\/\/iiccracovia.esteri.it\/wp-content\/uploads\/2025\/02\/Allegato_A.docx\">\u00a0<\/a>i richiesta del contributo, compilato in ogni sua parte (massimo 4MB);<\/li>\n<li><a href=\"https:\/\/iiccracovia.esteri.it\/wp-content\/uploads\/2026\/02\/2890096._B.docx\">Formulario B<\/a>, ovvero la relazione finale sull\u2019utilizzo dell\u2019ultimo contributo eventualmente fruito nei 5 anni precedenti (massimo 4MB). In riferimento agli atenei ubicati in Paesi con valuta diversa dall\u2019euro, si richiama l\u2019attenzione degli atenei sull\u2019importanza di indicare nel rendiconto di spesa, oltre all\u2019ammontare effettivamente ricevuto in altra valuta, la cifra in euro formalmente assegnata dal MAECI.<\/li>\n<\/ul>\n<p><strong>Le richieste devono pervenire all&#8217;indirizzo mail <span style=\"text-decoration: underline;\">corsilingua.iicvarsavia@esteri.it<\/span> entro e non oltre il 23 marzo 2026<\/strong>. Le richieste dovranno essere corredate dei documenti in allegato, <strong>attentamente compilati in ogni parte secondo le indicazioni contenute nei file \u201c<a href=\"https:\/\/iiccracovia.esteri.it\/wp-content\/uploads\/2026\/02\/101007382619-3_2026_Istruzioni_compilazione_Formulari_A_e_B_Corsi_formaz._aggiorn.pdf\">Istruzioni alla compilazione_Formulari_A_e_B<\/a>&#8221;\u00a0e <\/strong><strong>nei due modelli esempio <a href=\"https:\/\/iiccracovia.esteri.it\/wp-content\/uploads\/2026\/02\/101007402619-3_2026_PAESE_Nome_Universita_Form._A_ESEMPIO.pdf\">Form._A_ESEMPIO<\/a> e <a href=\"https:\/\/iiccracovia.esteri.it\/wp-content\/uploads\/2026\/02\/101007412619-3_2026_PAESE_Nome_Universita_Form._B_ESEMPIO.pdf\">Form._B_ESEMPIO<\/a>.<\/strong><\/p>\n<p>I contributi concessi per il sostegno alle cattedre devono essere utilizzati entro la conclusione delle attivit\u00e0 dell\u2019Anno Accademico di riferimento (2026\/2027). In caso di avvenuta concessione, fondi inutilizzati o indebitamente spesi dovranno essere restituiti.<\/p>\n<p>Non verranno accolte richieste per corsi di formazione e aggiornamento che abbiano luogo in Italia o che si tengano al di fuori del Paese di servizio, nonch\u00e9 richieste per l&#8217;organizzazione di corsi curricolari, convegni, seminari, dibattiti e per la copertura dei costi di partecipazione dei docenti alle predette iniziative. Nel rispetto della normativa di riferimento, non verranno inoltre accolte le richieste per corsi di formazione rivolti a studenti universitari che aspirino a intraprendere in futuro la professione di insegnante di lingua italiana.<\/p>\n","protected":false},"excerpt":{"rendered":"Il Ministero degli Affari Esteri e della Cooperazione Internazionale eroga\u00a0contributi finalizzati all&#8217;organizzazione di corsi di formazione e aggiornamento destinati ai docenti di lingua italiana operanti nelle universit\u00e0 straniere.\u00a0con contratto a legge locale. Ai fini dell\u2019individuazione delle Istituzioni possibili beneficiarie, con il termine \u201ccattedre di italiano\u201d si intendono cattedre e\/o corsi di insegnamento in ambito universitario [&hellip;]","protected":false},"author":3,"featured_media":0,"parent":18,"menu_order":2,"comment_status":"closed","ping_status":"closed","template":"","meta":{"footnotes":""},"class_list":["post-2564","page","type-page","status-publish","hentry"],"_links":{"self":[{"href":"https:\/\/iiccracovia.esteri.it\/it\/wp-json\/wp\/v2\/pages\/2564","targetHints":{"allow":["GET"]}}],"collection":[{"href":"https:\/\/iiccracovia.esteri.it\/it\/wp-json\/wp\/v2\/pages"}],"about":[{"href":"https:\/\/iiccracovia.esteri.it\/it\/wp-json\/wp\/v2\/types\/page"}],"author":[{"embeddable":true,"href":"https:\/\/iiccracovia.esteri.it\/it\/wp-json\/wp\/v2\/users\/3"}],"replies":[{"embeddable":true,"href":"https:\/\/iiccracovia.esteri.it\/it\/wp-json\/wp\/v2\/comments?post=2564"}],"version-history":[{"count":6,"href":"https:\/\/iiccracovia.esteri.it\/it\/wp-json\/wp\/v2\/pages\/2564\/revisions"}],"predecessor-version":[{"id":8503,"href":"https:\/\/iiccracovia.esteri.it\/it\/wp-json\/wp\/v2\/pages\/2564\/revisions\/8503"}],"up":[{"embeddable":true,"href":"https:\/\/iiccracovia.esteri.it\/it\/wp-json\/wp\/v2\/pages\/18"}],"wp:attachment":[{"href":"https:\/\/iiccracovia.esteri.it\/it\/wp-json\/wp\/v2\/media?parent=2564"}],"curies":[{"name":"wp","href":"https:\/\/api.w.org\/{rel}","templated":true}]}}